{"id":1875,"date":"2025-07-17T15:33:52","date_gmt":"2025-07-17T15:33:52","guid":{"rendered":"https:\/\/risembergstudio.com\/?page_id=1875"},"modified":"2026-02-25T16:52:10","modified_gmt":"2026-02-25T16:52:10","slug":"privacy-policy","status":"publish","type":"page","link":"https:\/\/risembergstudio.com\/es\/privacy-policy\/","title":{"rendered":"privacy policy"},"content":{"rendered":"<div data-elementor-type=\"wp-page\" data-elementor-id=\"1875\" class=\"elementor elementor-1875\">\n\t\t\t\t<div class=\"elementor-element elementor-element-57c51076 e-flex e-con-boxed e-con e-parent\" data-id=\"57c51076\" data-element_type=\"container\" data-e-type=\"container\" data-settings=\"{&quot;background_background&quot;:&quot;classic&quot;}\">\n\t\t\t\t\t<div class=\"e-con-inner\">\n\t\t\t\t<div class=\"elementor-element elementor-element-7b63cad2 elementor-widget elementor-widget-text-editor\" data-id=\"7b63cad2\" data-element_type=\"widget\" data-e-type=\"widget\" data-widget_type=\"text-editor.default\">\n\t\t\t\t\t\t\t\t\t<p data-start=\"157\" data-end=\"175\"><span style=\"font-size: 14pt;\"><strong data-start=\"157\" data-end=\"175\">Pol\u00edtica de Privacidad<\/strong><\/span><\/p><p data-start=\"208\" data-end=\"497\">Esta Pol\u00edtica de Privacidad describe c\u00f3mo se recopilan, utilizan y comparten sus datos personales cuando visita o realiza una compra en nuestro sitio web. Risemberg se compromete a proteger su privacidad y a cumplir con la legislaci\u00f3n aplicable en materia de protecci\u00f3n de datos, incluido el Reglamento General de Protecci\u00f3n de Datos (RGPD).<\/p><h3 data-start=\"820\" data-end=\"856\"><span style=\"font-size: 14pt;\">Qu\u00e9 datos personales recopilamos<\/span><\/h3><p data-start=\"313\" data-end=\"472\">Podemos recopilar y procesar diversos tipos de datos personales sobre usted cuando interact\u00faa con nuestro sitio web, realiza una compra o se comunica con nosotros. Esto incluye:<\/p><ul data-start=\"474\" data-end=\"1875\"><li data-start=\"474\" data-end=\"751\"><p data-start=\"476\" data-end=\"751\"><strong data-start=\"476\" data-end=\"495\">Detalles de contacto<\/strong> como su nombre completo, fecha de nacimiento, nacionalidad, direcci\u00f3n de correo electr\u00f3nico, n\u00famero de tel\u00e9fono, direcci\u00f3n de facturaci\u00f3n y env\u00edo, y cualquier otra informaci\u00f3n personal que pueda proporcionar al completar formularios en el sitio web, suscribirse a nuestro bolet\u00edn o crear una cuenta.<\/p><\/li><li data-start=\"753\" data-end=\"879\"><p data-start=\"755\" data-end=\"879\"><strong data-start=\"755\" data-end=\"775\">Datos de transacci\u00f3n<\/strong>, incluidos detalles de las compras que realiza, los productos que vio o agreg\u00f3 a su carrito y el historial de pedidos.<\/p><\/li><li data-start=\"881\" data-end=\"1055\"><p data-start=\"883\" data-end=\"1055\"><strong data-start=\"883\" data-end=\"906\">Informaci\u00f3n de pago<\/strong>, como los detalles de su tarjeta de cr\u00e9dito o d\u00e9bito y la informaci\u00f3n de facturaci\u00f3n (procesada de forma segura a trav\u00e9s de nuestro proveedor de pagos; no almacenamos los detalles completos de la tarjeta).<\/p><\/li><li data-start=\"1057\" data-end=\"1206\"><p data-start=\"1059\" data-end=\"1206\"><strong data-start=\"1059\" data-end=\"1081\">Datos de comunicaci\u00f3n<\/strong>, incluido el contenido de los correos electr\u00f3nicos o mensajes que nos env\u00eda, ya sea para hacer preguntas, informar un problema o proporcionar comentarios.<\/p><\/li><li data-start=\"1208\" data-end=\"1559\"><p data-start=\"1210\" data-end=\"1559\"><strong data-start=\"1210\" data-end=\"1228\">Datos t\u00e9cnicos<\/strong> recopilados autom\u00e1ticamente al navegar por el sitio web, como su direcci\u00f3n IP, tipo y versi\u00f3n de navegador, tipo de dispositivo, sistema operativo, origen de referencia, configuraci\u00f3n de zona horaria, p\u00e1ginas visitadas, tiempo de permanencia en cada p\u00e1gina y otros datos de diagn\u00f3stico. Estos datos se recopilan mediante cookies y tecnolog\u00edas de seguimiento similares (consulte nuestra Pol\u00edtica de Cookies).<\/p><\/li><li data-start=\"1561\" data-end=\"1671\"><p data-start=\"1563\" data-end=\"1671\"><strong data-start=\"1563\" data-end=\"1577\">Datos de uso<\/strong>, incluida la forma en que interact\u00faa con nuestro sitio, patrones de navegaci\u00f3n, clics y preferencias de usuario.<\/p><\/li><li data-start=\"1673\" data-end=\"1875\"><p data-start=\"1675\" data-end=\"1875\"><strong data-start=\"1675\" data-end=\"1702\">Datos de terceros<\/strong>, como informaci\u00f3n disponible p\u00fablicamente o datos que usted acept\u00f3 compartir a trav\u00e9s de plataformas de redes sociales (por ejemplo, Instagram, Facebook) o proveedores de an\u00e1lisis como Google y Meta.<\/p><\/li><\/ul><p data-start=\"1877\" data-end=\"2239\">Proporcionar sus datos personales es opcional. Sin embargo, en ciertos casos, como al realizar un pedido o suscribirse a servicios, es necesario que nos proporcione datos personales espec\u00edficos para atender su solicitud o cumplir con nuestras obligaciones legales. Si decide no proporcionarlos, es posible que no podamos ofrecerle ciertos servicios ni completar sus transacciones.<\/p><h3 data-start=\"383\" data-end=\"398\"><span style=\"font-size: 14pt;\">Edad m\u00ednima<\/span><\/h3><p data-start=\"400\" data-end=\"766\">Proteger la seguridad y la privacidad de los ni\u00f1os es fundamental para nosotros. No recopilamos ni procesamos deliberadamente datos personales de menores de diecis\u00e9is (16) a\u00f1os ni de ninguna otra edad m\u00ednima exigida por la ley en su pa\u00eds de residencia. Al usar nuestro sitio web o registrar una cuenta, usted confirma que ha alcanzado la mayor\u00eda de edad en su pa\u00eds.<\/p><h3 data-start=\"773\" data-end=\"802\"><span style=\"font-size: 14pt;\">Uso de sus datos personales<\/span><\/h3><p data-start=\"804\" data-end=\"934\">Solo procesamos sus datos personales cuando tenemos una base legal para hacerlo. En la mayor\u00eda de los casos, esta ser\u00e1 una o m\u00e1s de las siguientes:<\/p><ul data-start=\"936\" data-end=\"1516\"><li data-start=\"936\" data-end=\"1108\"><p data-start=\"938\" data-end=\"1108\">El procesamiento es necesario para ejecutar un contrato con usted o para tomar medidas a petici\u00f3n suya antes de celebrar un contrato (por ejemplo, para procesar y cumplir sus pedidos).<\/p><\/li><li data-start=\"1110\" data-end=\"1174\"><p data-start=\"1112\" data-end=\"1174\">El tratamiento es necesario para el cumplimiento de obligaciones legales.<\/p><\/li><li data-start=\"1176\" data-end=\"1402\"><p data-start=\"1178\" data-end=\"1402\">El procesamiento se basa en nuestros intereses leg\u00edtimos como empresa, como mejorar nuestros servicios, realizar actividades de marketing y protegernos contra el fraude, siempre que estos intereses no prevalezcan sobre sus derechos y libertades.<\/p><\/li><li data-start=\"1404\" data-end=\"1516\"><p data-start=\"1406\" data-end=\"1516\">El procesamiento se basa en su consentimiento expl\u00edcito, por ejemplo, cuando acepta recibir comunicaciones de marketing.<\/p><\/li><\/ul><h3 data-start=\"1523\" data-end=\"1558\"><span style=\"font-size: 14pt;\">Conservaci\u00f3n de sus datos personales<\/span><\/h3><p data-start=\"1560\" data-end=\"1924\">Conservamos sus datos personales \u00fanicamente el tiempo necesario para cumplir con los fines para los que fueron recopilados o con los requisitos legales o reglamentarios. Por lo general, conservamos sus datos hasta tres a\u00f1os despu\u00e9s de nuestra \u00faltima interacci\u00f3n o de la finalizaci\u00f3n de nuestra relaci\u00f3n comercial, salvo que la ley exija un periodo de conservaci\u00f3n m\u00e1s largo (como las normas fiscales o contables).<\/p><p data-start=\"1926\" data-end=\"2028\">En algunos casos, podemos conservar ciertos datos durante m\u00e1s tiempo para abordar posibles quejas, reclamaciones legales o disputas.<\/p><h3 data-start=\"2035\" data-end=\"2050\"><span style=\"font-size: 14pt;\">Sus derechos<\/span><\/h3><p data-start=\"2052\" data-end=\"2111\">Usted tiene los siguientes derechos con respecto a sus datos personales:<\/p><ul data-start=\"2113\" data-end=\"3311\"><li data-start=\"2113\" data-end=\"2347\"><p data-start=\"2115\" data-end=\"2347\"><strong data-start=\"2115\" data-end=\"2145\">Derecho a retirar el consentimiento:<\/strong> Puede retirar su consentimiento para el tratamiento de sus datos personales en cualquier momento. Por ejemplo, puede darse de baja de los correos electr\u00f3nicos de marketing mediante el enlace incluido en dichos correos o contact\u00e1ndonos directamente.<\/p><\/li><li data-start=\"2349\" data-end=\"2591\"><p data-start=\"2351\" data-end=\"2591\"><strong data-start=\"2351\" data-end=\"2397\">Derecho de acceso, rectificaci\u00f3n y supresi\u00f3n:<\/strong> Puede solicitar acceso a sus datos personales, solicitarnos que corrijamos inexactitudes o solicitar su eliminaci\u00f3n, si procede. Muchos datos se pueden gestionar directamente a trav\u00e9s de su cuenta en nuestro sitio web.<\/p><\/li><li data-start=\"2593\" data-end=\"2782\"><p data-start=\"2595\" data-end=\"2782\"><strong data-start=\"2595\" data-end=\"2625\">Derecho a la portabilidad de datos:<\/strong> Cuando corresponda, puede solicitar una copia de sus datos personales en un formato estructurado y legible por m\u00e1quina y solicitar que se transfieran a otro responsable del tratamiento.<\/p><\/li><li data-start=\"2784\" data-end=\"2958\"><p data-start=\"2786\" data-end=\"2958\"><strong data-start=\"2786\" data-end=\"2819\">Derecho a restringir el tratamiento:<\/strong> Puede solicitarnos que limitemos la forma en que procesamos sus datos en determinadas circunstancias, como si impugna su precisi\u00f3n o se opone al procesamiento.<\/p><\/li><li data-start=\"2960\" data-end=\"3159\"><p data-start=\"2962\" data-end=\"3159\"><strong data-start=\"2962\" data-end=\"2996\">Derecho a oponerse al tratamiento:<\/strong> Puede oponerse al tratamiento de datos por intereses leg\u00edtimos o con fines comerciales. Dejaremos de tratarlos a menos que existan motivos leg\u00edtimos imperiosos.<\/p><\/li><li data-start=\"3161\" data-end=\"3311\"><p data-start=\"3163\" data-end=\"3311\"><strong data-start=\"3163\" data-end=\"3194\">Derecho a presentar una reclamaci\u00f3n:<\/strong> Puede presentar una reclamaci\u00f3n ante una autoridad supervisora \u200b\u200bsi considera que se han vulnerado sus derechos de protecci\u00f3n de datos.<\/p><\/li><\/ul><p data-start=\"3313\" data-end=\"3624\">Para ejercer sus derechos o para cualquier consulta respecto a sus datos personales, por favor cont\u00e1ctenos en <strong data-start=\"3409\" data-end=\"3438\"><a class=\"cursor-pointer\" rel=\"noopener\" data-start=\"3411\" data-end=\"3436\">contact@risembergstudio.com<\/a><\/strong>. Podr\u00edamos solicitarle una prueba de identidad antes de procesar su solicitud. En algunos casos, se podr\u00eda cobrar una tarifa si las solicitudes son infundadas o excesivas. Responderemos dentro del plazo legal.<\/p><h3 data-start=\"3631\" data-end=\"3657\"><span style=\"font-size: 14pt;\">Cambios a esta pol\u00edtica<\/span><\/h3><p data-start=\"3659\" data-end=\"3954\">Podemos actualizar esta Pol\u00edtica de Privacidad peri\u00f3dicamente para cumplir con cambios legales o t\u00e9cnicos. La \u00faltima versi\u00f3n siempre estar\u00e1 disponible en nuestro sitio web. Podremos notificarle sobre cambios significativos y, cuando la ley lo exija, solicitar su consentimiento. Le recomendamos que revise esta pol\u00edtica peri\u00f3dicamente.<\/p>\t\t\t\t\t\t\t\t<\/div>\n\t\t\t\t\t<\/div>\n\t\t\t\t<\/div>\n\t\t\t\t<\/div>","protected":false},"excerpt":{"rendered":"<p>Privacy Policy This Privacy Policy describes how personal data is collected, used, and shared when you visit or make a [&hellip;]<\/p>","protected":false},"author":1,"featured_media":0,"parent":0,"menu_order":0,"comment_status":"closed","ping_status":"closed","template":"","meta":{"site-sidebar-layout":"no-sidebar","site-content-layout":"","ast-site-content-layout":"full-width-container","site-content-style":"default","site-sidebar-style":"default","ast-global-header-display":"","ast-banner-title-visibility":"","ast-main-header-display":"","ast-hfb-above-header-display":"","ast-hfb-below-header-display":"","ast-hfb-mobile-header-display":"","site-post-title":"disabled","ast-breadcrumbs-content":"","ast-featured-img":"disabled","footer-sml-layout":"","ast-disable-related-posts":"","theme-transparent-header-meta":"","adv-header-id-meta":"","stick-header-meta":"","header-above-stick-meta":"","header-main-stick-meta":"","header-below-stick-meta":"","astra-migrate-meta-layouts":"default","ast-page-background-enabled":"default","ast-page-background-meta":{"desktop":{"background-color":"var(--ast-global-color-5)","background-image":"","background-repeat":"repeat","background-position":"center center","background-size":"auto","background-attachment":"scroll","background-type":"","background-media":"","overlay-type":"","overlay-color":"","overlay-opacity":"","overlay-gradient":""},"tablet":{"background-color":"","background-image":"","background-repeat":"repeat","background-position":"center center","background-size":"auto","background-attachment":"scroll","background-type":"","background-media":"","overlay-type":"","overlay-color":"","overlay-opacity":"","overlay-gradient":""},"mobile":{"background-color":"","background-image":"","background-repeat":"repeat","background-position":"center center","background-size":"auto","background-attachment":"scroll","background-type":"","background-media":"","overlay-type":"","overlay-color":"","overlay-opacity":"","overlay-gradient":""}},"ast-content-background-meta":{"desktop":{"background-color":"var(--ast-global-color-4)","background-image":"","background-repeat":"repeat","background-position":"center center","background-size":"auto","background-attachment":"scroll","background-type":"","background-media":"","overlay-type":"","overlay-color":"","overlay-opacity":"","overlay-gradient":""},"tablet":{"background-color":"var(--ast-global-color-4)","background-image":"","background-repeat":"repeat","background-position":"center center","background-size":"auto","background-attachment":"scroll","background-type":"","background-media":"","overlay-type":"","overlay-color":"","overlay-opacity":"","overlay-gradient":""},"mobile":{"background-color":"var(--ast-global-color-4)","background-image":"","background-repeat":"repeat","background-position":"center center","background-size":"auto","background-attachment":"scroll","background-type":"","background-media":"","overlay-type":"","overlay-color":"","overlay-opacity":"","overlay-gradient":""}},"footnotes":""},"class_list":["post-1875","page","type-page","status-publish","hentry"],"yoast_head":"<!-- This site is optimized with the Yoast SEO plugin v27.4 - https:\/\/yoast.com\/product\/yoast-seo-wordpress\/ -->\n<title>privacy policy -<\/title>\n<meta name=\"robots\" content=\"index, follow, max-snippet:-1, max-image-preview:large, max-video-preview:-1\" \/>\n<link rel=\"canonical\" href=\"https:\/\/risembergstudio.com\/es\/privacy-policy\/\" \/>\n<meta property=\"og:locale\" content=\"es_ES\" \/>\n<meta property=\"og:type\" content=\"article\" \/>\n<meta property=\"og:title\" content=\"privacy policy -\" \/>\n<meta property=\"og:description\" content=\"Privacy Policy This Privacy Policy describes how personal data is collected, used, and shared when you visit or make a [&hellip;]\" \/>\n<meta property=\"og:url\" content=\"https:\/\/risembergstudio.com\/es\/privacy-policy\/\" \/>\n<meta property=\"article:modified_time\" content=\"2026-02-25T16:52:10+00:00\" \/>\n<meta name=\"twitter:card\" content=\"summary_large_image\" \/>\n<meta name=\"twitter:label1\" content=\"Tiempo de lectura\" \/>\n\t<meta name=\"twitter:data1\" content=\"4 minutos\" \/>\n<script type=\"application\/ld+json\" class=\"yoast-schema-graph\">{\"@context\":\"https:\\\/\\\/schema.org\",\"@graph\":[{\"@type\":\"WebPage\",\"@id\":\"https:\\\/\\\/risembergstudio.com\\\/privacy-policy\\\/\",\"url\":\"https:\\\/\\\/risembergstudio.com\\\/privacy-policy\\\/\",\"name\":\"privacy policy -\",\"isPartOf\":{\"@id\":\"https:\\\/\\\/risembergstudio.com\\\/#website\"},\"datePublished\":\"2025-07-17T15:33:52+00:00\",\"dateModified\":\"2026-02-25T16:52:10+00:00\",\"breadcrumb\":{\"@id\":\"https:\\\/\\\/risembergstudio.com\\\/privacy-policy\\\/#breadcrumb\"},\"inLanguage\":\"es\",\"potentialAction\":[{\"@type\":\"ReadAction\",\"target\":[\"https:\\\/\\\/risembergstudio.com\\\/privacy-policy\\\/\"]}]},{\"@type\":\"BreadcrumbList\",\"@id\":\"https:\\\/\\\/risembergstudio.com\\\/privacy-policy\\\/#breadcrumb\",\"itemListElement\":[{\"@type\":\"ListItem\",\"position\":1,\"name\":\"Home\",\"item\":\"https:\\\/\\\/risembergstudio.com\\\/\"},{\"@type\":\"ListItem\",\"position\":2,\"name\":\"privacy policy\"}]},{\"@type\":\"WebSite\",\"@id\":\"https:\\\/\\\/risembergstudio.com\\\/#website\",\"url\":\"https:\\\/\\\/risembergstudio.com\\\/\",\"name\":\"\",\"description\":\"\",\"potentialAction\":[{\"@type\":\"SearchAction\",\"target\":{\"@type\":\"EntryPoint\",\"urlTemplate\":\"https:\\\/\\\/risembergstudio.com\\\/?s={search_term_string}\"},\"query-input\":{\"@type\":\"PropertyValueSpecification\",\"valueRequired\":true,\"valueName\":\"search_term_string\"}}],\"inLanguage\":\"es\"}]}<\/script>\n<!-- \/ Yoast SEO plugin. -->","yoast_head_json":{"title":"privacy policy -","robots":{"index":"index","follow":"follow","max-snippet":"max-snippet:-1","max-image-preview":"max-image-preview:large","max-video-preview":"max-video-preview:-1"},"canonical":"https:\/\/risembergstudio.com\/es\/privacy-policy\/","og_locale":"es_ES","og_type":"article","og_title":"privacy policy -","og_description":"Privacy Policy This Privacy Policy describes how personal data is collected, used, and shared when you visit or make a [&hellip;]","og_url":"https:\/\/risembergstudio.com\/es\/privacy-policy\/","article_modified_time":"2026-02-25T16:52:10+00:00","twitter_card":"summary_large_image","twitter_misc":{"Tiempo de lectura":"4 minutos"},"schema":{"@context":"https:\/\/schema.org","@graph":[{"@type":"WebPage","@id":"https:\/\/risembergstudio.com\/privacy-policy\/","url":"https:\/\/risembergstudio.com\/privacy-policy\/","name":"privacy policy -","isPartOf":{"@id":"https:\/\/risembergstudio.com\/#website"},"datePublished":"2025-07-17T15:33:52+00:00","dateModified":"2026-02-25T16:52:10+00:00","breadcrumb":{"@id":"https:\/\/risembergstudio.com\/privacy-policy\/#breadcrumb"},"inLanguage":"es","potentialAction":[{"@type":"ReadAction","target":["https:\/\/risembergstudio.com\/privacy-policy\/"]}]},{"@type":"BreadcrumbList","@id":"https:\/\/risembergstudio.com\/privacy-policy\/#breadcrumb","itemListElement":[{"@type":"ListItem","position":1,"name":"Home","item":"https:\/\/risembergstudio.com\/"},{"@type":"ListItem","position":2,"name":"privacy policy"}]},{"@type":"WebSite","@id":"https:\/\/risembergstudio.com\/#website","url":"https:\/\/risembergstudio.com\/","name":"","description":"","potentialAction":[{"@type":"SearchAction","target":{"@type":"EntryPoint","urlTemplate":"https:\/\/risembergstudio.com\/?s={search_term_string}"},"query-input":{"@type":"PropertyValueSpecification","valueRequired":true,"valueName":"search_term_string"}}],"inLanguage":"es"}]}},"_links":{"self":[{"href":"https:\/\/risembergstudio.com\/es\/wp-json\/wp\/v2\/pages\/1875","targetHints":{"allow":["GET"]}}],"collection":[{"href":"https:\/\/risembergstudio.com\/es\/wp-json\/wp\/v2\/pages"}],"about":[{"href":"https:\/\/risembergstudio.com\/es\/wp-json\/wp\/v2\/types\/page"}],"author":[{"embeddable":true,"href":"https:\/\/risembergstudio.com\/es\/wp-json\/wp\/v2\/users\/1"}],"replies":[{"embeddable":true,"href":"https:\/\/risembergstudio.com\/es\/wp-json\/wp\/v2\/comments?post=1875"}],"version-history":[{"count":3,"href":"https:\/\/risembergstudio.com\/es\/wp-json\/wp\/v2\/pages\/1875\/revisions"}],"predecessor-version":[{"id":7915,"href":"https:\/\/risembergstudio.com\/es\/wp-json\/wp\/v2\/pages\/1875\/revisions\/7915"}],"wp:attachment":[{"href":"https:\/\/risembergstudio.com\/es\/wp-json\/wp\/v2\/media?parent=1875"}],"curies":[{"name":"wp","href":"https:\/\/api.w.org\/{rel}","templated":true}]}}