{"id":1918,"date":"2025-07-17T16:30:08","date_gmt":"2025-07-17T16:30:08","guid":{"rendered":"https:\/\/risembergstudio.com\/?page_id=1918"},"modified":"2026-02-25T16:53:11","modified_gmt":"2026-02-25T16:53:11","slug":"cookies-policy","status":"publish","type":"page","link":"https:\/\/risembergstudio.com\/es\/cookies-policy\/","title":{"rendered":"cookies policy"},"content":{"rendered":"<div data-elementor-type=\"wp-page\" data-elementor-id=\"1918\" class=\"elementor elementor-1918\">\n\t\t\t\t<div class=\"elementor-element elementor-element-b7cc48b e-con-full e-flex e-con e-parent\" data-id=\"b7cc48b\" data-element_type=\"container\" data-e-type=\"container\">\n\t\t\t\t<div class=\"elementor-element elementor-element-a6630aa elementor-widget elementor-widget-text-editor\" data-id=\"a6630aa\" data-element_type=\"widget\" data-e-type=\"widget\" data-widget_type=\"text-editor.default\">\n\t\t\t\t\t\t\t\t\t<h2 data-start=\"129\" data-end=\"145\"><span style=\"font-size: 12pt;\">Pol\u00edtica de Cookies<\/span><\/h2><h2 data-start=\"147\" data-end=\"171\"><span style=\"font-size: 12pt;\">Procedimientos de aceptaci\u00f3n<\/span><\/h2><p data-start=\"173\" data-end=\"399\"><span style=\"font-size: 10pt;\">Cuando visite nuestro sitio web por primera vez, <strong data-start=\"220\" data-end=\"233\">Risemberg<\/strong> le informa mediante un banner informativo que utilizamos cookies. Al gestionar sus preferencias de cookies o continuar navegando por el sitio, usted acepta nuestro uso de cookies.<\/span><\/p><p data-start=\"401\" data-end=\"536\"><span style=\"font-size: 10pt;\">Puede cambiar su configuraci\u00f3n de cookies en cualquier momento. A continuaci\u00f3n encontrar\u00e1 m\u00e1s informaci\u00f3n sobre las cookies y c\u00f3mo gestionar sus preferencias.<\/span><\/p><h2 data-start=\"543\" data-end=\"587\"><span style=\"font-size: 12pt;\">\u00bfQu\u00e9 es una cookie y cu\u00e1l es su finalidad?<\/span><\/h2><p data-start=\"589\" data-end=\"724\"><span style=\"font-size: 10pt;\">Una cookie es un peque\u00f1o archivo que se env\u00eda a su navegador y se guarda en su dispositivo cuando visita un sitio web como <strong>www.risembergstudio.com<\/strong> (\u201cel sitio web\u201d).<\/span><\/p><p data-start=\"726\" data-end=\"951\"><span style=\"font-size: 10pt;\">Cookies help the site function efficiently and improve our services. They also provide information to us for statistical or advertising purposes, mainly to personalize your browsing experience by remembering your preferences.<\/span><\/p><h2 data-start=\"958\" data-end=\"985\"><span style=\"font-size: 12pt;\">Cookies utilizadas en nuestro sitio<\/span><\/h2><p data-start=\"987\" data-end=\"1073\"><span style=\"font-size: 10pt;\">Cuando acceda a nuestro sitio web, podremos instalar diferentes tipos de cookies en su dispositivo:<\/span><\/p><p data-start=\"1075\" data-end=\"1096\"><strong><span style=\"font-size: 10pt;\">Cookies t\u00e9cnicas<\/span><\/strong><\/p><p data-start=\"1098\" data-end=\"1117\"><span style=\"font-size: 10pt;\">Estas nos permiten:<\/span><\/p><ul data-start=\"1119\" data-end=\"1580\"><li data-start=\"1119\" data-end=\"1243\"><p data-start=\"1121\" data-end=\"1243\"><span style=\"font-size: 10pt;\">Ajuste la visualizaci\u00f3n del sitio seg\u00fan las preferencias de su dispositivo (como idioma, resoluci\u00f3n de pantalla o sistema operativo).<\/span><\/p><\/li><li data-start=\"1244\" data-end=\"1340\"><p data-start=\"1246\" data-end=\"1340\"><span style=\"font-size: 10pt;\">Implementar medidas de seguridad, por ejemplo, exigirle que inicie sesi\u00f3n nuevamente despu\u00e9s de cierto tiempo.<\/span><\/p><\/li><li data-start=\"1341\" data-end=\"1451\"><p data-start=\"1343\" data-end=\"1451\"><span style=\"font-size: 10pt;\">Proporciona acceso a \u00e1reas personales o reservadas (como tu cuenta) usando las identificaciones o credenciales que hayas proporcionado.<\/span><\/p><\/li><li data-start=\"1452\" data-end=\"1580\"><p data-start=\"1454\" data-end=\"1580\"><span style=\"font-size: 10pt;\">Almacenar informaci\u00f3n sobre los formularios que ha completado o los productos y servicios que ha seleccionado (por ejemplo, el contenido de la cesta de la compra).<\/span><\/p><\/li><\/ul><p data-start=\"1582\" data-end=\"1614\"><strong><span style=\"font-size: 10pt;\">Cookies de medici\u00f3n de audiencia<\/span><\/strong><\/p><p data-start=\"1616\" data-end=\"1630\"><span style=\"font-size: 10pt;\">Estas nos ayudan:<\/span><\/p><ul data-start=\"1632\" data-end=\"1777\"><li data-start=\"1632\" data-end=\"1777\"><p data-start=\"1634\" data-end=\"1777\"><span style=\"font-size: 10pt;\">A obtener estad\u00edsticas de visitas y analizar patrones de uso en el Sitio Web (p\u00e1ginas visitadas, recorridos de usuarios) para mejorar nuestros servicios y la experiencia de usuario.<\/span><\/p><\/li><\/ul><p data-start=\"1779\" data-end=\"1802\"><span style=\"font-size: 10pt;\"><strong>Cookies publicitarias<\/strong>s<\/span><\/p><p data-start=\"1804\" data-end=\"1911\"><span style=\"font-size: 10pt;\">Si ha proporcionado datos personales durante el registro, la compra o el acceso al servicio, podremos utilizar cookies para:<\/span><\/p><ul data-start=\"1913\" data-end=\"2015\"><li data-start=\"1913\" data-end=\"2015\"><p data-start=\"1915\" data-end=\"2015\"><span style=\"font-size: 10pt;\">Asociar datos de navegaci\u00f3n con tus datos personales para enviarte comunicaciones de marketing por v\u00eda electr\u00f3nica.<\/span><\/p><\/li><\/ul><p data-start=\"2017\" data-end=\"2045\"><strong><span style=\"font-size: 10pt;\">Cookies de seguridad de pagos<\/span><\/strong><\/p><p data-start=\"2047\" data-end=\"2066\"><span style=\"font-size: 10pt;\">Estas nos ayudan en:<\/span><\/p><ul data-start=\"2068\" data-end=\"2285\"><li data-start=\"2068\" data-end=\"2285\"><p data-start=\"2070\" data-end=\"2285\"><span style=\"font-size: 10pt;\">Prevenci\u00f3n del fraude en l\u00ednea (p. ej., fraude de pago, robo de identidad). Nosotros o nuestros proveedores de servicios podemos utilizar rastreadores de huellas dactilares vinculados a la informaci\u00f3n de su pedido para confirmar su pedido, m\u00e9todo de pago y detalles de entrega.<\/span><\/p><\/li><\/ul><p data-start=\"2292\" data-end=\"2455\"><span style=\"font-size: 10pt;\">Sus datos de navegaci\u00f3n pueden vincularse entre dispositivos a trav\u00e9s de la tecnolog\u00eda de intercambio de cookies, lo que nos permite rastrear su recorrido independientemente del dispositivo o la plataforma que utilice.<\/span><\/p><h2 data-start=\"2462\" data-end=\"2517\"><span style=\"font-size: 12pt;\">\u00bfC\u00f3mo puedo desactivar las cookies y administrar mis preferencias?<\/span><\/h2><p data-start=\"2519\" data-end=\"2714\"><span style=\"font-size: 10pt;\">La mayor\u00eda de los navegadores permiten aceptar, controlar o desactivar las cookies mediante su configuraci\u00f3n. Tenga en cuenta que desactivar algunas cookies puede afectar la funcionalidad del sitio web o limitar los servicios que ofrecemos.<\/span><\/p><p data-start=\"2716\" data-end=\"2789\"><span style=\"font-size: 10pt;\">A continuaci\u00f3n encontrar\u00e1 enlaces a instrucciones para administrar cookies en los navegadores m\u00e1s populares:<\/span><\/p><ul data-start=\"2791\" data-end=\"2978\"><li data-start=\"2791\" data-end=\"2874\"><p data-start=\"2793\" data-end=\"2874\"><span style=\"font-size: 10pt;\"><a class=\"\" href=\"https:\/\/support.microsoft.com\/en-gb\/hub\/4338813\/windows-help\" target=\"_new\" rel=\"noopener\" data-start=\"2793\" data-end=\"2874\">Internet Explorer<\/a><\/span><\/p><\/li><li data-start=\"2875\" data-end=\"2913\"><p data-start=\"2877\" data-end=\"2913\"><span style=\"font-size: 10pt;\"><a class=\"\" href=\"https:\/\/support.apple.com\/\" target=\"_new\" rel=\"noopener\" data-start=\"2877\" data-end=\"2913\">Safari<\/a><\/span><\/p><\/li><li data-start=\"2914\" data-end=\"2978\"><p data-start=\"2916\" data-end=\"2978\"><span style=\"font-size: 10pt;\"><a class=\"\" href=\"https:\/\/support.google.com\/?HL=EN-GB&amp;HLRM=FR&amp;HLRM=EN\" target=\"_new\" rel=\"noopener\" data-start=\"2916\" data-end=\"2978\">Chrome<\/a><\/span><\/p><\/li><\/ul><h2 data-start=\"2985\" data-end=\"3001\"><span style=\"font-size: 12pt;\">Terceros Partidos<\/span><\/h2><p data-start=\"199\" data-end=\"329\"><span style=\"font-size: 10pt;\">Our website may use cookies from third-party services to ensure its proper functionality and to enhance the browsing experience.<\/span><\/p><p data-start=\"331\" data-end=\"535\"><span style=\"font-size: 10pt;\">These services may include tools such as Google Fonts, Google reCAPTCHA, or WooCommerce, which help us display content correctly, protect our forms, and provide a smooth shopping experience.<\/span><\/p><p data-start=\"537\" data-end=\"735\"><span style=\"font-size: 10pt;\">Each provider is responsible for the information they collect and process through their cookies. For more details about how your data is handled, please refer to their respective privacy policies:<\/span><\/p><ul data-start=\"736\" data-end=\"879\"><li data-start=\"736\" data-end=\"800\"><p data-start=\"738\" data-end=\"800\"><span style=\"font-size: 10pt;\"><a class=\"decorated-link\" href=\"https:\/\/policies.google.com\/privacy\" target=\"_new\" rel=\"noopener\" data-start=\"738\" data-end=\"798\">Google Privacy Policy<\/a><\/span><\/p><\/li><li data-start=\"801\" data-end=\"879\"><p data-start=\"803\" data-end=\"879\"><a class=\"decorated-link\" href=\"https:\/\/automattic.com\/privacy\/\" target=\"_new\" rel=\"noopener\" data-start=\"803\" data-end=\"877\"><span style=\"font-size: 10pt;\">Automattic Privacy Policy (WooCommerce)<\/span><\/a><\/p><\/li><\/ul><p data-start=\"3003\" data-end=\"3167\"><span style=\"font-size: 12pt;\">Acceso a datos y atenci\u00f3n al cliente<\/span><\/p><p data-start=\"3370\" data-end=\"3520\"><span style=\"font-size: 10pt;\">Puede ejercer sus derechos seg\u00fan las leyes de protecci\u00f3n de datos aplicables en cualquier momento, incluida la gesti\u00f3n de su consentimiento o la eliminaci\u00f3n de cookies de su navegador.<\/span><\/p><p data-start=\"3522\" data-end=\"3608\"><span style=\"font-size: 10pt;\">Para obtener ayuda, comun\u00edquese con nosotros en <strong data-start=\"3559\" data-end=\"3581\"><a class=\"cursor-pointer\" rel=\"noopener\" data-start=\"3561\" data-end=\"3579\">contact@risembergstudio.com<\/a><\/strong>. Le responderemos a la brevedad.<\/span><\/p>\t\t\t\t\t\t\t\t<\/div>\n\t\t\t\t<\/div>\n\t\t\t\t<\/div>","protected":false},"excerpt":{"rendered":"<p>Cookies Policy Acceptance Procedures When you visit our website for the first time, Risemberg informs you via an informational banner [&hellip;]<\/p>","protected":false},"author":1,"featured_media":0,"parent":0,"menu_order":0,"comment_status":"closed","ping_status":"closed","template":"","meta":{"site-sidebar-layout":"no-sidebar","site-content-layout":"","ast-site-content-layout":"full-width-container","site-content-style":"default","site-sidebar-style":"default","ast-global-header-display":"","ast-banner-title-visibility":"","ast-main-header-display":"","ast-hfb-above-header-display":"","ast-hfb-below-header-display":"","ast-hfb-mobile-header-display":"","site-post-title":"disabled","ast-breadcrumbs-content":"","ast-featured-img":"disabled","footer-sml-layout":"","ast-disable-related-posts":"","theme-transparent-header-meta":"","adv-header-id-meta":"","stick-header-meta":"","header-above-stick-meta":"","header-main-stick-meta":"","header-below-stick-meta":"","astra-migrate-meta-layouts":"default","ast-page-background-enabled":"default","ast-page-background-meta":{"desktop":{"background-color":"var(--ast-global-color-5)","background-image":"","background-repeat":"repeat","background-position":"center center","background-size":"auto","background-attachment":"scroll","background-type":"","background-media":"","overlay-type":"","overlay-color":"","overlay-opacity":"","overlay-gradient":""},"tablet":{"background-color":"","background-image":"","background-repeat":"repeat","background-position":"center center","background-size":"auto","background-attachment":"scroll","background-type":"","background-media":"","overlay-type":"","overlay-color":"","overlay-opacity":"","overlay-gradient":""},"mobile":{"background-color":"","background-image":"","background-repeat":"repeat","background-position":"center center","background-size":"auto","background-attachment":"scroll","background-type":"","background-media":"","overlay-type":"","overlay-color":"","overlay-opacity":"","overlay-gradient":""}},"ast-content-background-meta":{"desktop":{"background-color":"var(--ast-global-color-4)","background-image":"","background-repeat":"repeat","background-position":"center center","background-size":"auto","background-attachment":"scroll","background-type":"","background-media":"","overlay-type":"","overlay-color":"","overlay-opacity":"","overlay-gradient":""},"tablet":{"background-color":"var(--ast-global-color-4)","background-image":"","background-repeat":"repeat","background-position":"center center","background-size":"auto","background-attachment":"scroll","background-type":"","background-media":"","overlay-type":"","overlay-color":"","overlay-opacity":"","overlay-gradient":""},"mobile":{"background-color":"var(--ast-global-color-4)","background-image":"","background-repeat":"repeat","background-position":"center center","background-size":"auto","background-attachment":"scroll","background-type":"","background-media":"","overlay-type":"","overlay-color":"","overlay-opacity":"","overlay-gradient":""}},"footnotes":""},"class_list":["post-1918","page","type-page","status-publish","hentry"],"yoast_head":"<!-- This site is optimized with the Yoast SEO plugin v27.4 - https:\/\/yoast.com\/product\/yoast-seo-wordpress\/ -->\n<title>cookies policy -<\/title>\n<meta name=\"robots\" content=\"index, follow, max-snippet:-1, max-image-preview:large, max-video-preview:-1\" \/>\n<link rel=\"canonical\" href=\"https:\/\/risembergstudio.com\/es\/cookies-policy\/\" \/>\n<meta property=\"og:locale\" content=\"es_ES\" \/>\n<meta property=\"og:type\" content=\"article\" \/>\n<meta property=\"og:title\" content=\"cookies policy -\" \/>\n<meta property=\"og:description\" content=\"Cookies Policy Acceptance Procedures When you visit our website for the first time, Risemberg informs you via an informational banner [&hellip;]\" \/>\n<meta property=\"og:url\" content=\"https:\/\/risembergstudio.com\/es\/cookies-policy\/\" \/>\n<meta property=\"article:modified_time\" content=\"2026-02-25T16:53:11+00:00\" \/>\n<meta name=\"twitter:card\" content=\"summary_large_image\" \/>\n<meta name=\"twitter:label1\" content=\"Tiempo de lectura\" \/>\n\t<meta name=\"twitter:data1\" content=\"3 minutos\" \/>\n<script type=\"application\/ld+json\" class=\"yoast-schema-graph\">{\"@context\":\"https:\\\/\\\/schema.org\",\"@graph\":[{\"@type\":\"WebPage\",\"@id\":\"https:\\\/\\\/risembergstudio.com\\\/cookies-policy\\\/\",\"url\":\"https:\\\/\\\/risembergstudio.com\\\/cookies-policy\\\/\",\"name\":\"cookies policy -\",\"isPartOf\":{\"@id\":\"https:\\\/\\\/risembergstudio.com\\\/#website\"},\"datePublished\":\"2025-07-17T16:30:08+00:00\",\"dateModified\":\"2026-02-25T16:53:11+00:00\",\"breadcrumb\":{\"@id\":\"https:\\\/\\\/risembergstudio.com\\\/cookies-policy\\\/#breadcrumb\"},\"inLanguage\":\"es\",\"potentialAction\":[{\"@type\":\"ReadAction\",\"target\":[\"https:\\\/\\\/risembergstudio.com\\\/cookies-policy\\\/\"]}]},{\"@type\":\"BreadcrumbList\",\"@id\":\"https:\\\/\\\/risembergstudio.com\\\/cookies-policy\\\/#breadcrumb\",\"itemListElement\":[{\"@type\":\"ListItem\",\"position\":1,\"name\":\"Home\",\"item\":\"https:\\\/\\\/risembergstudio.com\\\/\"},{\"@type\":\"ListItem\",\"position\":2,\"name\":\"cookies policy\"}]},{\"@type\":\"WebSite\",\"@id\":\"https:\\\/\\\/risembergstudio.com\\\/#website\",\"url\":\"https:\\\/\\\/risembergstudio.com\\\/\",\"name\":\"\",\"description\":\"\",\"potentialAction\":[{\"@type\":\"SearchAction\",\"target\":{\"@type\":\"EntryPoint\",\"urlTemplate\":\"https:\\\/\\\/risembergstudio.com\\\/?s={search_term_string}\"},\"query-input\":{\"@type\":\"PropertyValueSpecification\",\"valueRequired\":true,\"valueName\":\"search_term_string\"}}],\"inLanguage\":\"es\"}]}<\/script>\n<!-- \/ Yoast SEO plugin. -->","yoast_head_json":{"title":"cookies policy -","robots":{"index":"index","follow":"follow","max-snippet":"max-snippet:-1","max-image-preview":"max-image-preview:large","max-video-preview":"max-video-preview:-1"},"canonical":"https:\/\/risembergstudio.com\/es\/cookies-policy\/","og_locale":"es_ES","og_type":"article","og_title":"cookies policy -","og_description":"Cookies Policy Acceptance Procedures When you visit our website for the first time, Risemberg informs you via an informational banner [&hellip;]","og_url":"https:\/\/risembergstudio.com\/es\/cookies-policy\/","article_modified_time":"2026-02-25T16:53:11+00:00","twitter_card":"summary_large_image","twitter_misc":{"Tiempo de lectura":"3 minutos"},"schema":{"@context":"https:\/\/schema.org","@graph":[{"@type":"WebPage","@id":"https:\/\/risembergstudio.com\/cookies-policy\/","url":"https:\/\/risembergstudio.com\/cookies-policy\/","name":"cookies policy -","isPartOf":{"@id":"https:\/\/risembergstudio.com\/#website"},"datePublished":"2025-07-17T16:30:08+00:00","dateModified":"2026-02-25T16:53:11+00:00","breadcrumb":{"@id":"https:\/\/risembergstudio.com\/cookies-policy\/#breadcrumb"},"inLanguage":"es","potentialAction":[{"@type":"ReadAction","target":["https:\/\/risembergstudio.com\/cookies-policy\/"]}]},{"@type":"BreadcrumbList","@id":"https:\/\/risembergstudio.com\/cookies-policy\/#breadcrumb","itemListElement":[{"@type":"ListItem","position":1,"name":"Home","item":"https:\/\/risembergstudio.com\/"},{"@type":"ListItem","position":2,"name":"cookies policy"}]},{"@type":"WebSite","@id":"https:\/\/risembergstudio.com\/#website","url":"https:\/\/risembergstudio.com\/","name":"","description":"","potentialAction":[{"@type":"SearchAction","target":{"@type":"EntryPoint","urlTemplate":"https:\/\/risembergstudio.com\/?s={search_term_string}"},"query-input":{"@type":"PropertyValueSpecification","valueRequired":true,"valueName":"search_term_string"}}],"inLanguage":"es"}]}},"_links":{"self":[{"href":"https:\/\/risembergstudio.com\/es\/wp-json\/wp\/v2\/pages\/1918","targetHints":{"allow":["GET"]}}],"collection":[{"href":"https:\/\/risembergstudio.com\/es\/wp-json\/wp\/v2\/pages"}],"about":[{"href":"https:\/\/risembergstudio.com\/es\/wp-json\/wp\/v2\/types\/page"}],"author":[{"embeddable":true,"href":"https:\/\/risembergstudio.com\/es\/wp-json\/wp\/v2\/users\/1"}],"replies":[{"embeddable":true,"href":"https:\/\/risembergstudio.com\/es\/wp-json\/wp\/v2\/comments?post=1918"}],"version-history":[{"count":3,"href":"https:\/\/risembergstudio.com\/es\/wp-json\/wp\/v2\/pages\/1918\/revisions"}],"predecessor-version":[{"id":7918,"href":"https:\/\/risembergstudio.com\/es\/wp-json\/wp\/v2\/pages\/1918\/revisions\/7918"}],"wp:attachment":[{"href":"https:\/\/risembergstudio.com\/es\/wp-json\/wp\/v2\/media?parent=1918"}],"curies":[{"name":"wp","href":"https:\/\/api.w.org\/{rel}","templated":true}]}}