{"id":2234,"date":"2025-09-01T18:58:08","date_gmt":"2025-09-01T18:58:08","guid":{"rendered":"https:\/\/risembergstudio.com\/?page_id=2234"},"modified":"2026-01-02T01:07:21","modified_gmt":"2026-01-02T01:07:21","slug":"leather-care","status":"publish","type":"page","link":"https:\/\/risembergstudio.com\/es\/leather-care\/","title":{"rendered":"leather care"},"content":{"rendered":"<div data-elementor-type=\"wp-page\" data-elementor-id=\"2234\" class=\"elementor elementor-2234\">\n\t\t\t\t<div class=\"elementor-element elementor-element-fea23e8 e-con-full e-flex e-con e-parent\" data-id=\"fea23e8\" data-element_type=\"container\" data-e-type=\"container\" data-settings=\"{&quot;background_background&quot;:&quot;slideshow&quot;,&quot;background_slideshow_gallery&quot;:[{&quot;id&quot;:2614,&quot;url&quot;:&quot;https:\\\/\\\/risembergstudio.com\\\/wp-content\\\/uploads\\\/2025\\\/09\\\/IMG_2865-2-2-1-e1757066513511.jpg&quot;}],&quot;background_slideshow_loop&quot;:&quot;yes&quot;,&quot;background_slideshow_slide_duration&quot;:5000,&quot;background_slideshow_slide_transition&quot;:&quot;fade&quot;,&quot;background_slideshow_transition_duration&quot;:500}\">\n\t\t\t\t<div class=\"elementor-element elementor-element-28a8be91 e-transform elementor-widget elementor-widget-text-editor\" data-id=\"28a8be91\" data-element_type=\"widget\" data-e-type=\"widget\" data-settings=\"{&quot;_transform_translateX_effect_mobile&quot;:{&quot;unit&quot;:&quot;px&quot;,&quot;size&quot;:-10,&quot;sizes&quot;:[]},&quot;_transform_translateX_effect&quot;:{&quot;unit&quot;:&quot;px&quot;,&quot;size&quot;:&quot;&quot;,&quot;sizes&quot;:[]},&quot;_transform_translateX_effect_tablet&quot;:{&quot;unit&quot;:&quot;px&quot;,&quot;size&quot;:&quot;&quot;,&quot;sizes&quot;:[]},&quot;_transform_translateY_effect&quot;:{&quot;unit&quot;:&quot;px&quot;,&quot;size&quot;:&quot;&quot;,&quot;sizes&quot;:[]},&quot;_transform_translateY_effect_tablet&quot;:{&quot;unit&quot;:&quot;px&quot;,&quot;size&quot;:&quot;&quot;,&quot;sizes&quot;:[]},&quot;_transform_translateY_effect_mobile&quot;:{&quot;unit&quot;:&quot;px&quot;,&quot;size&quot;:&quot;&quot;,&quot;sizes&quot;:[]}}\" data-widget_type=\"text-editor.default\">\n\t\t\t\t\t\t\t\t\t<p><span style=\"font-size: xx-large; color: #ffffff;\"><span style=\"caret-color: #ffffff;\">GU\u00cdA DE CUIDADO DEL CUERO<\/span><\/span><\/p>\t\t\t\t\t\t\t\t<\/div>\n\t\t\t\t<\/div>\n\t\t<div class=\"elementor-element elementor-element-03493f9 e-flex e-con-boxed e-con e-parent\" data-id=\"03493f9\" data-element_type=\"container\" data-e-type=\"container\">\n\t\t\t\t\t<div class=\"e-con-inner\">\n\t\t\t\t<div class=\"elementor-element elementor-element-d1cdf78 elementor-widget elementor-widget-spacer\" data-id=\"d1cdf78\" data-element_type=\"widget\" data-e-type=\"widget\" data-widget_type=\"spacer.default\">\n\t\t\t\t\t\t\t<div class=\"elementor-spacer\">\n\t\t\t<div class=\"elementor-spacer-inner\"><\/div>\n\t\t<\/div>\n\t\t\t\t\t\t<\/div>\n\t\t\t\t\t<\/div>\n\t\t\t\t<\/div>\n\t\t<div class=\"elementor-element elementor-element-f3ebb5c e-flex e-con-boxed e-con e-parent\" data-id=\"f3ebb5c\" data-element_type=\"container\" data-e-type=\"container\">\n\t\t\t\t\t<div class=\"e-con-inner\">\n\t\t\t\t<div class=\"elementor-element elementor-element-c91e45d e-transform elementor-widget elementor-widget-text-editor\" data-id=\"c91e45d\" data-element_type=\"widget\" data-e-type=\"widget\" data-settings=\"{&quot;_transform_translateX_effect_tablet&quot;:{&quot;unit&quot;:&quot;px&quot;,&quot;size&quot;:-26,&quot;sizes&quot;:[]},&quot;_transform_translateX_effect&quot;:{&quot;unit&quot;:&quot;px&quot;,&quot;size&quot;:&quot;&quot;,&quot;sizes&quot;:[]},&quot;_transform_translateX_effect_mobile&quot;:{&quot;unit&quot;:&quot;px&quot;,&quot;size&quot;:&quot;&quot;,&quot;sizes&quot;:[]},&quot;_transform_translateY_effect&quot;:{&quot;unit&quot;:&quot;px&quot;,&quot;size&quot;:&quot;&quot;,&quot;sizes&quot;:[]},&quot;_transform_translateY_effect_tablet&quot;:{&quot;unit&quot;:&quot;px&quot;,&quot;size&quot;:&quot;&quot;,&quot;sizes&quot;:[]},&quot;_transform_translateY_effect_mobile&quot;:{&quot;unit&quot;:&quot;px&quot;,&quot;size&quot;:&quot;&quot;,&quot;sizes&quot;:[]}}\" data-widget_type=\"text-editor.default\">\n\t\t\t\t\t\t\t\t\t<p style=\"text-align: justify;\" data-start=\"121\" data-end=\"221\"><span style=\"font-size: 12pt;\">Su bolso RISEMBERG est\u00e1 dise\u00f1ado para durar, pero unos sencillos pasos le ayudar\u00e1n a mantener su mejor aspecto.<\/span><\/p><p style=\"text-align: justify;\" data-start=\"225\" data-end=\"322\"><span style=\"font-size: 12pt;\"><strong data-start=\"225\" data-end=\"243\">Evitar la exposici\u00f3n<\/strong>: Mantener alejado de la luz solar directa, calor, agua, aceites, perfumes y cosm\u00e9ticos.<\/span><\/p><p style=\"text-align: justify;\" data-start=\"325\" data-end=\"418\"><span style=\"font-size: 12pt;\"><strong data-start=\"325\" data-end=\"343\">Si se moja<\/strong>: Seque suavemente con un pa\u00f1o suave y deje secar naturalmente a temperatura ambiente.<\/span><\/p><p style=\"text-align: justify;\" data-start=\"421\" data-end=\"561\"><span style=\"font-size: 12pt;\"><strong data-start=\"421\" data-end=\"432\">Almacenamiento<\/strong>: Gu\u00e1rdelo en su bolsa protectora, ligeramente rellena con papel de seda para conservar su forma. Evite llenarlo demasiado o colgarlo durante largos periodos.<\/span><\/p><p style=\"text-align: justify;\" data-start=\"564\" data-end=\"694\"><span style=\"font-size: 12pt;\"><strong data-start=\"564\" data-end=\"576\">Limpieza<\/strong>: Limpie con un pa\u00f1o suave y seco despu\u00e9s de usar. Aplique una crema neutra para cuero ocasionalmente, probando primero en una zona poco visible.<\/span><\/p><p style=\"text-align: justify;\" data-start=\"697\" data-end=\"822\"><span style=\"font-size: 12pt;\"><strong data-start=\"697\" data-end=\"715\">Transferencia de color<\/strong>: Algunos cueros naturales pueden transferir color, especialmente en condiciones de humedad; tenga cuidado con ropa ligera.<\/span><\/p><p style=\"text-align: justify;\" data-start=\"825\" data-end=\"925\"><span style=\"font-size: 12pt;\"><strong data-start=\"825\" data-end=\"837\">Hardware<\/strong>: Nuestro hardware premium se puede pulir suavemente con un pa\u00f1o suave para mantener su brillo.<\/span><\/p><p data-start=\"825\" data-end=\"925\">\u00a0<\/p><p style=\"text-align: left;\" data-start=\"825\" data-end=\"925\">Descubre m\u00e1s en nuestra <span style=\"text-decoration: underline;\"><a href=\"https:\/\/risembergstudio.com\/craftsmanship\/\">P\u00e1gina de artesan\u00eda<\/a>.<\/span><\/p>\t\t\t\t\t\t\t\t<\/div>\n\t\t\t\t\t<\/div>\n\t\t\t\t<\/div>\n\t\t<div class=\"elementor-element elementor-element-6535cea e-flex e-con-boxed e-con e-parent\" data-id=\"6535cea\" data-element_type=\"container\" data-e-type=\"container\">\n\t\t\t\t\t<div class=\"e-con-inner\">\n\t\t\t\t<div class=\"elementor-element elementor-element-1493cf9 elementor-widget elementor-widget-spacer\" data-id=\"1493cf9\" data-element_type=\"widget\" data-e-type=\"widget\" data-widget_type=\"spacer.default\">\n\t\t\t\t\t\t\t<div class=\"elementor-spacer\">\n\t\t\t<div class=\"elementor-spacer-inner\"><\/div>\n\t\t<\/div>\n\t\t\t\t\t\t<\/div>\n\t\t\t\t\t<\/div>\n\t\t\t\t<\/div>\n\t\t<div class=\"elementor-element elementor-element-d992129 e-grid e-con-full e-con e-parent\" data-id=\"d992129\" data-element_type=\"container\" data-e-type=\"container\">\n\t\t\t\t<div class=\"elementor-element elementor-element-9eeb716 elementor-widget__width-inherit e-transform elementor-widget elementor-widget-image\" data-id=\"9eeb716\" data-element_type=\"widget\" data-e-type=\"widget\" data-settings=\"{&quot;_transform_translateX_effect_mobile&quot;:{&quot;unit&quot;:&quot;px&quot;,&quot;size&quot;:21,&quot;sizes&quot;:[]},&quot;_transform_translateX_effect&quot;:{&quot;unit&quot;:&quot;px&quot;,&quot;size&quot;:&quot;&quot;,&quot;sizes&quot;:[]},&quot;_transform_translateX_effect_tablet&quot;:{&quot;unit&quot;:&quot;px&quot;,&quot;size&quot;:&quot;&quot;,&quot;sizes&quot;:[]},&quot;_transform_translateY_effect&quot;:{&quot;unit&quot;:&quot;px&quot;,&quot;size&quot;:&quot;&quot;,&quot;sizes&quot;:[]},&quot;_transform_translateY_effect_tablet&quot;:{&quot;unit&quot;:&quot;px&quot;,&quot;size&quot;:&quot;&quot;,&quot;sizes&quot;:[]},&quot;_transform_translateY_effect_mobile&quot;:{&quot;unit&quot;:&quot;px&quot;,&quot;size&quot;:&quot;&quot;,&quot;sizes&quot;:[]}}\" data-widget_type=\"image.default\">\n\t\t\t\t\t\t\t\t\t\t\t\t\t\t\t<img fetchpriority=\"high\" decoding=\"async\" width=\"1024\" height=\"880\" src=\"https:\/\/risembergstudio.com\/wp-content\/uploads\/2025\/11\/34-e1762431592765-1024x880.png\" class=\"attachment-large size-large wp-image-4852\" alt=\"\" srcset=\"https:\/\/risembergstudio.com\/wp-content\/uploads\/2025\/11\/34-e1762431592765-1024x880.png 1024w, https:\/\/risembergstudio.com\/wp-content\/uploads\/2025\/11\/34-e1762431592765-300x258.png 300w, https:\/\/risembergstudio.com\/wp-content\/uploads\/2025\/11\/34-e1762431592765-768x660.png 768w, https:\/\/risembergstudio.com\/wp-content\/uploads\/2025\/11\/34-e1762431592765-14x12.png 14w, https:\/\/risembergstudio.com\/wp-content\/uploads\/2025\/11\/34-e1762431592765-600x516.png 600w, https:\/\/risembergstudio.com\/wp-content\/uploads\/2025\/11\/34-e1762431592765.png 1080w\" sizes=\"(max-width: 1024px) 100vw, 1024px\" \/>\t\t\t\t\t\t\t\t\t\t\t\t\t\t\t<\/div>\n\t\t\t\t<div class=\"elementor-element elementor-element-649b866 elementor-widget__width-inherit e-transform elementor-widget elementor-widget-image\" data-id=\"649b866\" data-element_type=\"widget\" data-e-type=\"widget\" data-settings=\"{&quot;_transform_translateX_effect_mobile&quot;:{&quot;unit&quot;:&quot;px&quot;,&quot;size&quot;:10,&quot;sizes&quot;:[]},&quot;_transform_translateX_effect&quot;:{&quot;unit&quot;:&quot;px&quot;,&quot;size&quot;:&quot;&quot;,&quot;sizes&quot;:[]},&quot;_transform_translateX_effect_tablet&quot;:{&quot;unit&quot;:&quot;px&quot;,&quot;size&quot;:&quot;&quot;,&quot;sizes&quot;:[]},&quot;_transform_translateY_effect&quot;:{&quot;unit&quot;:&quot;px&quot;,&quot;size&quot;:&quot;&quot;,&quot;sizes&quot;:[]},&quot;_transform_translateY_effect_tablet&quot;:{&quot;unit&quot;:&quot;px&quot;,&quot;size&quot;:&quot;&quot;,&quot;sizes&quot;:[]},&quot;_transform_translateY_effect_mobile&quot;:{&quot;unit&quot;:&quot;px&quot;,&quot;size&quot;:&quot;&quot;,&quot;sizes&quot;:[]}}\" data-widget_type=\"image.default\">\n\t\t\t\t\t\t\t\t\t\t\t\t\t\t\t<img decoding=\"async\" width=\"1024\" height=\"880\" src=\"https:\/\/risembergstudio.com\/wp-content\/uploads\/2025\/11\/stories-risemberg-13-e1762431488649-1024x880.png\" class=\"attachment-large size-large wp-image-4890\" alt=\"\" srcset=\"https:\/\/risembergstudio.com\/wp-content\/uploads\/2025\/11\/stories-risemberg-13-e1762431488649-1024x880.png 1024w, https:\/\/risembergstudio.com\/wp-content\/uploads\/2025\/11\/stories-risemberg-13-e1762431488649-300x258.png 300w, https:\/\/risembergstudio.com\/wp-content\/uploads\/2025\/11\/stories-risemberg-13-e1762431488649-768x660.png 768w, https:\/\/risembergstudio.com\/wp-content\/uploads\/2025\/11\/stories-risemberg-13-e1762431488649-14x12.png 14w, https:\/\/risembergstudio.com\/wp-content\/uploads\/2025\/11\/stories-risemberg-13-e1762431488649-600x516.png 600w, https:\/\/risembergstudio.com\/wp-content\/uploads\/2025\/11\/stories-risemberg-13-e1762431488649.png 1080w\" sizes=\"(max-width: 1024px) 100vw, 1024px\" \/>\t\t\t\t\t\t\t\t\t\t\t\t\t\t\t<\/div>\n\t\t\t\t<div class=\"elementor-element elementor-element-c47e687 elementor-widget__width-inherit e-transform elementor-widget elementor-widget-image\" data-id=\"c47e687\" data-element_type=\"widget\" data-e-type=\"widget\" data-settings=\"{&quot;_transform_translateX_effect_mobile&quot;:{&quot;unit&quot;:&quot;px&quot;,&quot;size&quot;:-5,&quot;sizes&quot;:[]},&quot;_transform_translateX_effect&quot;:{&quot;unit&quot;:&quot;px&quot;,&quot;size&quot;:&quot;&quot;,&quot;sizes&quot;:[]},&quot;_transform_translateX_effect_tablet&quot;:{&quot;unit&quot;:&quot;px&quot;,&quot;size&quot;:&quot;&quot;,&quot;sizes&quot;:[]},&quot;_transform_translateY_effect&quot;:{&quot;unit&quot;:&quot;px&quot;,&quot;size&quot;:&quot;&quot;,&quot;sizes&quot;:[]},&quot;_transform_translateY_effect_tablet&quot;:{&quot;unit&quot;:&quot;px&quot;,&quot;size&quot;:&quot;&quot;,&quot;sizes&quot;:[]},&quot;_transform_translateY_effect_mobile&quot;:{&quot;unit&quot;:&quot;px&quot;,&quot;size&quot;:&quot;&quot;,&quot;sizes&quot;:[]}}\" data-widget_type=\"image.default\">\n\t\t\t\t\t\t\t\t\t\t\t\t\t\t\t<img decoding=\"async\" width=\"1024\" height=\"879\" src=\"https:\/\/risembergstudio.com\/wp-content\/uploads\/2025\/09\/IMG_2805-2-4-scaled-e1757071864545-1024x879.jpg\" class=\"attachment-large size-large wp-image-2621\" alt=\"\" srcset=\"https:\/\/risembergstudio.com\/wp-content\/uploads\/2025\/09\/IMG_2805-2-4-scaled-e1757071864545-1024x879.jpg 1024w, https:\/\/risembergstudio.com\/wp-content\/uploads\/2025\/09\/IMG_2805-2-4-scaled-e1757071864545-300x258.jpg 300w, https:\/\/risembergstudio.com\/wp-content\/uploads\/2025\/09\/IMG_2805-2-4-scaled-e1757071864545-768x660.jpg 768w, https:\/\/risembergstudio.com\/wp-content\/uploads\/2025\/09\/IMG_2805-2-4-scaled-e1757071864545-1536x1319.jpg 1536w, https:\/\/risembergstudio.com\/wp-content\/uploads\/2025\/09\/IMG_2805-2-4-scaled-e1757071864545-2048x1759.jpg 2048w, https:\/\/risembergstudio.com\/wp-content\/uploads\/2025\/09\/IMG_2805-2-4-scaled-e1757071864545-600x515.jpg 600w\" sizes=\"(max-width: 1024px) 100vw, 1024px\" \/>\t\t\t\t\t\t\t\t\t\t\t\t\t\t\t<\/div>\n\t\t\t\t<\/div>\n\t\t<div class=\"elementor-element elementor-element-3cdb0487 e-flex e-con-boxed e-con e-parent\" data-id=\"3cdb0487\" data-element_type=\"container\" data-e-type=\"container\">\n\t\t\t\t\t<div class=\"e-con-inner\">\n\t\t\t\t<div class=\"elementor-element elementor-element-63cd52c6 elementor-widget elementor-widget-spacer\" data-id=\"63cd52c6\" data-element_type=\"widget\" data-e-type=\"widget\" data-widget_type=\"spacer.default\">\n\t\t\t\t\t\t\t<div class=\"elementor-spacer\">\n\t\t\t<div class=\"elementor-spacer-inner\"><\/div>\n\t\t<\/div>\n\t\t\t\t\t\t<\/div>\n\t\t\t\t\t<\/div>\n\t\t\t\t<\/div>\n\t\t\t\t<\/div>","protected":false},"excerpt":{"rendered":"<p>LEATHER CARE GUIDE Your RISEMBERG bag is designed to last, but a few simple steps will help keep it looking [&hellip;]<\/p>","protected":false},"author":1,"featured_media":0,"parent":0,"menu_order":0,"comment_status":"closed","ping_status":"closed","template":"","meta":{"site-sidebar-layout":"no-sidebar","site-content-layout":"","ast-site-content-layout":"full-width-container","site-content-style":"default","site-sidebar-style":"default","ast-global-header-display":"","ast-banner-title-visibility":"","ast-main-header-display":"","ast-hfb-above-header-display":"","ast-hfb-below-header-display":"","ast-hfb-mobile-header-display":"","site-post-title":"disabled","ast-breadcrumbs-content":"","ast-featured-img":"disabled","footer-sml-layout":"","ast-disable-related-posts":"","theme-transparent-header-meta":"","adv-header-id-meta":"","stick-header-meta":"","header-above-stick-meta":"","header-main-stick-meta":"","header-below-stick-meta":"","astra-migrate-meta-layouts":"default","ast-page-background-enabled":"default","ast-page-background-meta":{"desktop":{"background-color":"var(--ast-global-color-5)","background-image":"","background-repeat":"repeat","background-position":"center center","background-size":"auto","background-attachment":"scroll","background-type":"","background-media":"","overlay-type":"","overlay-color":"","overlay-opacity":"","overlay-gradient":""},"tablet":{"background-color":"","background-image":"","background-repeat":"repeat","background-position":"center center","background-size":"auto","background-attachment":"scroll","background-type":"","background-media":"","overlay-type":"","overlay-color":"","overlay-opacity":"","overlay-gradient":""},"mobile":{"background-color":"","background-image":"","background-repeat":"repeat","background-position":"center center","background-size":"auto","background-attachment":"scroll","background-type":"","background-media":"","overlay-type":"","overlay-color":"","overlay-opacity":"","overlay-gradient":""}},"ast-content-background-meta":{"desktop":{"background-color":"var(--ast-global-color-4)","background-image":"","background-repeat":"repeat","background-position":"center center","background-size":"auto","background-attachment":"scroll","background-type":"","background-media":"","overlay-type":"","overlay-color":"","overlay-opacity":"","overlay-gradient":""},"tablet":{"background-color":"var(--ast-global-color-4)","background-image":"","background-repeat":"repeat","background-position":"center center","background-size":"auto","background-attachment":"scroll","background-type":"","background-media":"","overlay-type":"","overlay-color":"","overlay-opacity":"","overlay-gradient":""},"mobile":{"background-color":"var(--ast-global-color-4)","background-image":"","background-repeat":"repeat","background-position":"center center","background-size":"auto","background-attachment":"scroll","background-type":"","background-media":"","overlay-type":"","overlay-color":"","overlay-opacity":"","overlay-gradient":""}},"footnotes":""},"class_list":["post-2234","page","type-page","status-publish","hentry"],"yoast_head":"<!-- This site is optimized with the Yoast SEO plugin v27.4 - https:\/\/yoast.com\/product\/yoast-seo-wordpress\/ -->\n<title>leather care -<\/title>\n<meta name=\"robots\" content=\"index, follow, max-snippet:-1, max-image-preview:large, max-video-preview:-1\" \/>\n<link rel=\"canonical\" href=\"https:\/\/risembergstudio.com\/es\/leather-care\/\" \/>\n<meta property=\"og:locale\" content=\"es_ES\" \/>\n<meta property=\"og:type\" content=\"article\" \/>\n<meta property=\"og:title\" content=\"leather care -\" \/>\n<meta property=\"og:description\" content=\"LEATHER CARE GUIDE Your RISEMBERG bag is designed to last, but a few simple steps will help keep it looking [&hellip;]\" \/>\n<meta property=\"og:url\" content=\"https:\/\/risembergstudio.com\/es\/leather-care\/\" \/>\n<meta property=\"article:modified_time\" content=\"2026-01-02T01:07:21+00:00\" \/>\n<meta property=\"og:image\" content=\"https:\/\/risembergstudio.com\/wp-content\/uploads\/2025\/11\/34-e1762431592765.png\" \/>\n\t<meta property=\"og:image:width\" content=\"1080\" \/>\n\t<meta property=\"og:image:height\" content=\"928\" \/>\n\t<meta property=\"og:image:type\" content=\"image\/png\" \/>\n<meta name=\"twitter:card\" content=\"summary_large_image\" \/>\n<meta name=\"twitter:label1\" content=\"Tiempo de lectura\" \/>\n\t<meta name=\"twitter:data1\" content=\"1 minuto\" \/>\n<script type=\"application\/ld+json\" class=\"yoast-schema-graph\">{\"@context\":\"https:\\\/\\\/schema.org\",\"@graph\":[{\"@type\":\"WebPage\",\"@id\":\"https:\\\/\\\/risembergstudio.com\\\/leather-care\\\/\",\"url\":\"https:\\\/\\\/risembergstudio.com\\\/leather-care\\\/\",\"name\":\"leather care -\",\"isPartOf\":{\"@id\":\"https:\\\/\\\/risembergstudio.com\\\/#website\"},\"primaryImageOfPage\":{\"@id\":\"https:\\\/\\\/risembergstudio.com\\\/leather-care\\\/#primaryimage\"},\"image\":{\"@id\":\"https:\\\/\\\/risembergstudio.com\\\/leather-care\\\/#primaryimage\"},\"thumbnailUrl\":\"https:\\\/\\\/risembergstudio.com\\\/wp-content\\\/uploads\\\/2025\\\/11\\\/34-e1762431592765-1024x880.png\",\"datePublished\":\"2025-09-01T18:58:08+00:00\",\"dateModified\":\"2026-01-02T01:07:21+00:00\",\"breadcrumb\":{\"@id\":\"https:\\\/\\\/risembergstudio.com\\\/leather-care\\\/#breadcrumb\"},\"inLanguage\":\"es\",\"potentialAction\":[{\"@type\":\"ReadAction\",\"target\":[\"https:\\\/\\\/risembergstudio.com\\\/leather-care\\\/\"]}]},{\"@type\":\"ImageObject\",\"inLanguage\":\"es\",\"@id\":\"https:\\\/\\\/risembergstudio.com\\\/leather-care\\\/#primaryimage\",\"url\":\"https:\\\/\\\/risembergstudio.com\\\/wp-content\\\/uploads\\\/2025\\\/11\\\/34-e1762431592765-1024x880.png\",\"contentUrl\":\"https:\\\/\\\/risembergstudio.com\\\/wp-content\\\/uploads\\\/2025\\\/11\\\/34-e1762431592765-1024x880.png\"},{\"@type\":\"BreadcrumbList\",\"@id\":\"https:\\\/\\\/risembergstudio.com\\\/leather-care\\\/#breadcrumb\",\"itemListElement\":[{\"@type\":\"ListItem\",\"position\":1,\"name\":\"Home\",\"item\":\"https:\\\/\\\/risembergstudio.com\\\/\"},{\"@type\":\"ListItem\",\"position\":2,\"name\":\"leather care\"}]},{\"@type\":\"WebSite\",\"@id\":\"https:\\\/\\\/risembergstudio.com\\\/#website\",\"url\":\"https:\\\/\\\/risembergstudio.com\\\/\",\"name\":\"\",\"description\":\"\",\"potentialAction\":[{\"@type\":\"SearchAction\",\"target\":{\"@type\":\"EntryPoint\",\"urlTemplate\":\"https:\\\/\\\/risembergstudio.com\\\/?s={search_term_string}\"},\"query-input\":{\"@type\":\"PropertyValueSpecification\",\"valueRequired\":true,\"valueName\":\"search_term_string\"}}],\"inLanguage\":\"es\"}]}<\/script>\n<!-- \/ Yoast SEO plugin. -->","yoast_head_json":{"title":"leather care -","robots":{"index":"index","follow":"follow","max-snippet":"max-snippet:-1","max-image-preview":"max-image-preview:large","max-video-preview":"max-video-preview:-1"},"canonical":"https:\/\/risembergstudio.com\/es\/leather-care\/","og_locale":"es_ES","og_type":"article","og_title":"leather care -","og_description":"LEATHER CARE GUIDE Your RISEMBERG bag is designed to last, but a few simple steps will help keep it looking [&hellip;]","og_url":"https:\/\/risembergstudio.com\/es\/leather-care\/","article_modified_time":"2026-01-02T01:07:21+00:00","og_image":[{"width":1080,"height":928,"url":"https:\/\/risembergstudio.com\/wp-content\/uploads\/2025\/11\/34-e1762431592765.png","type":"image\/png"}],"twitter_card":"summary_large_image","twitter_misc":{"Tiempo de lectura":"1 minuto"},"schema":{"@context":"https:\/\/schema.org","@graph":[{"@type":"WebPage","@id":"https:\/\/risembergstudio.com\/leather-care\/","url":"https:\/\/risembergstudio.com\/leather-care\/","name":"leather care -","isPartOf":{"@id":"https:\/\/risembergstudio.com\/#website"},"primaryImageOfPage":{"@id":"https:\/\/risembergstudio.com\/leather-care\/#primaryimage"},"image":{"@id":"https:\/\/risembergstudio.com\/leather-care\/#primaryimage"},"thumbnailUrl":"https:\/\/risembergstudio.com\/wp-content\/uploads\/2025\/11\/34-e1762431592765-1024x880.png","datePublished":"2025-09-01T18:58:08+00:00","dateModified":"2026-01-02T01:07:21+00:00","breadcrumb":{"@id":"https:\/\/risembergstudio.com\/leather-care\/#breadcrumb"},"inLanguage":"es","potentialAction":[{"@type":"ReadAction","target":["https:\/\/risembergstudio.com\/leather-care\/"]}]},{"@type":"ImageObject","inLanguage":"es","@id":"https:\/\/risembergstudio.com\/leather-care\/#primaryimage","url":"https:\/\/risembergstudio.com\/wp-content\/uploads\/2025\/11\/34-e1762431592765-1024x880.png","contentUrl":"https:\/\/risembergstudio.com\/wp-content\/uploads\/2025\/11\/34-e1762431592765-1024x880.png"},{"@type":"BreadcrumbList","@id":"https:\/\/risembergstudio.com\/leather-care\/#breadcrumb","itemListElement":[{"@type":"ListItem","position":1,"name":"Home","item":"https:\/\/risembergstudio.com\/"},{"@type":"ListItem","position":2,"name":"leather care"}]},{"@type":"WebSite","@id":"https:\/\/risembergstudio.com\/#website","url":"https:\/\/risembergstudio.com\/","name":"","description":"","potentialAction":[{"@type":"SearchAction","target":{"@type":"EntryPoint","urlTemplate":"https:\/\/risembergstudio.com\/?s={search_term_string}"},"query-input":{"@type":"PropertyValueSpecification","valueRequired":true,"valueName":"search_term_string"}}],"inLanguage":"es"}]}},"_links":{"self":[{"href":"https:\/\/risembergstudio.com\/es\/wp-json\/wp\/v2\/pages\/2234","targetHints":{"allow":["GET"]}}],"collection":[{"href":"https:\/\/risembergstudio.com\/es\/wp-json\/wp\/v2\/pages"}],"about":[{"href":"https:\/\/risembergstudio.com\/es\/wp-json\/wp\/v2\/types\/page"}],"author":[{"embeddable":true,"href":"https:\/\/risembergstudio.com\/es\/wp-json\/wp\/v2\/users\/1"}],"replies":[{"embeddable":true,"href":"https:\/\/risembergstudio.com\/es\/wp-json\/wp\/v2\/comments?post=2234"}],"version-history":[{"count":0,"href":"https:\/\/risembergstudio.com\/es\/wp-json\/wp\/v2\/pages\/2234\/revisions"}],"wp:attachment":[{"href":"https:\/\/risembergstudio.com\/es\/wp-json\/wp\/v2\/media?parent=2234"}],"curies":[{"name":"wp","href":"https:\/\/api.w.org\/{rel}","templated":true}]}}