{"id":4694,"date":"2025-11-03T12:19:10","date_gmt":"2025-11-03T12:19:10","guid":{"rendered":"https:\/\/risembergstudio.com\/?page_id=4694"},"modified":"2026-02-25T16:56:41","modified_gmt":"2026-02-25T16:56:41","slug":"frequently-asked-questions","status":"publish","type":"page","link":"https:\/\/risembergstudio.com\/es\/frequently-asked-questions\/","title":{"rendered":"frequently asked questions"},"content":{"rendered":"<div data-elementor-type=\"wp-page\" data-elementor-id=\"4694\" class=\"elementor elementor-4694\">\n\t\t\t\t<div class=\"elementor-element elementor-element-4e42e402 e-flex e-con-boxed e-con e-parent\" data-id=\"4e42e402\" data-element_type=\"container\" data-e-type=\"container\" data-settings=\"{&quot;background_background&quot;:&quot;classic&quot;}\">\n\t\t\t\t\t<div class=\"e-con-inner\">\n\t\t\t\t<div class=\"elementor-element elementor-element-654c31a8 elementor-widget-mobile__width-initial elementor-widget elementor-widget-text-editor\" data-id=\"654c31a8\" data-element_type=\"widget\" data-e-type=\"widget\" data-widget_type=\"text-editor.default\">\n\t\t\t\t\t\t\t\t\t<p data-start=\"157\" data-end=\"175\"><span style=\"font-size: 14pt;\"><strong data-start=\"157\" data-end=\"175\">Preguntas frecuentes<\/strong><\/span><\/p><h3 data-start=\"264\" data-end=\"289\"><span style=\"font-size: 12pt;\"><strong data-start=\"268\" data-end=\"289\">Pedidos y pagos<\/strong><\/span><\/h3><p data-start=\"290\" data-end=\"519\"><span style=\"font-size: 12pt;\">\u00bfC\u00f3mo puedo realizar un pedido?<\/span><\/p><p data-start=\"290\" data-end=\"519\"><span style=\"font-size: 10pt;\">Para comprar una pieza de Risemberg, simplemente seleccione \"A\u00f1adir al carrito\" en la p\u00e1gina del producto y vaya a \"Pagar\" cuando est\u00e9 listo. Le guiaremos a trav\u00e9s de nuestro proceso de pago seguro, donde podr\u00e1 introducir su direcci\u00f3n de entrega y, si es diferente, sus datos de facturaci\u00f3n. El \u00faltimo paso es completar el pago seguro, donde podr\u00e1 elegir entre varios m\u00e9todos de pago aceptados.<\/span><\/p><p data-start=\"290\" data-end=\"519\"><span style=\"font-size: 12pt;\">\u00bfPuedo modificar o cancelar mi pedido despu\u00e9s de realizarlo?<\/span><\/p><p data-start=\"290\" data-end=\"519\"><span style=\"font-size: 10pt;\">Comenzamos a preparar su pedido en cuanto se confirma, por lo que no siempre es posible modificarlo ni cancelarlo. P\u00f3ngase en contacto con nuestro equipo de atenci\u00f3n al cliente lo antes posible y haremos todo lo posible por ayudarle.<\/span><\/p><p data-start=\"290\" data-end=\"519\"><span style=\"font-size: 12pt;\"><strong>Env\u00edo y entrega<\/strong><\/span><\/p><p data-start=\"1012\" data-end=\"1129\"><span style=\"font-size: 12pt;\">\u00bfCu\u00e1nto tiempo tardar\u00e1 en llegar mi pedido?<\/span><\/p><p data-start=\"1240\" data-end=\"1306\"><span style=\"font-size: 10pt;\">Se mostrar\u00e1 una fecha de entrega estimada durante el proceso de compra. Tenga en cuenta que esta fecha es orientativa y puede variar ligeramente. El plazo de entrega confirmado por nuestro servicio de mensajer\u00eda se le proporcionar\u00e1 una vez que su pedido haya sido enviado desde nuestro taller.<\/span><\/p><p data-start=\"1308\" data-end=\"1398\"><span style=\"font-size: 12pt;\">\u00bfOfrecen env\u00edo gratuito?<\/span><\/p><p data-start=\"1308\" data-end=\"1398\"><span style=\"font-size: 10pt;\">Ofrecemos env\u00edo gratuito en todos los pedidos superiores a 300\u20ac.<\/span><\/p><p data-start=\"1308\" data-end=\"1398\"><span style=\"font-size: 12pt;\">\u00bfEn qu\u00e9 embalaje de RISEMBERG llegar\u00e1 mi pedido?<\/span><\/p><p data-start=\"1308\" data-end=\"1398\"><span style=\"font-size: 10pt;\">Todas las compras de Risemberg se preparan cuidadosamente en nuestro empaque exclusivo. Cada bolso est\u00e1 protegido por una bolsa de algod\u00f3n y se guarda en nuestra caja Risemberg para una experiencia de desempaquetado elegante.<\/span><\/p><p data-start=\"1308\" data-end=\"1398\"><span style=\"font-size: 12pt;\"><strong>Devoluciones y cambios<\/strong><\/span><\/p><p data-start=\"1308\" data-end=\"1398\"><span style=\"font-size: 12pt;\">How can I return my online order?<\/span><\/p><p data-start=\"1308\" data-end=\"1398\"><span style=\"font-size: 10pt;\">Si desea devolver su pieza Risemberg, comun\u00edquese con nuestro equipo de atenci\u00f3n al cliente en <span style=\"text-decoration: underline;\"><strong>risembergstudio@gmail.com<\/strong><\/span> within 15 days of receiving your order. We will guide you through the return process and provide detailed instructions.<\/span><\/p><p data-start=\"1308\" data-end=\"1398\"><span style=\"font-size: 12pt;\">\u00bfCu\u00e1l es su pol\u00edtica de devoluci\u00f3n?<\/span><\/p><p data-start=\"1308\" data-end=\"1398\"><span style=\"font-size: 10pt;\">Aceptamos devoluciones dentro de los 14 d\u00edas posteriores a la entrega, siempre que el art\u00edculo no se haya utilizado, est\u00e9 en perfectas condiciones y en su embalaje original.<\/span><\/p><p data-start=\"1308\" data-end=\"1398\"><span style=\"font-size: 12pt;\">\u00bfOfrecen cambios?<\/span><\/p><p data-start=\"1308\" data-end=\"1398\"><span style=\"font-size: 10pt;\">Por el momento, no ofrecemos cambios directos. Puedes devolver tu art\u00edculo y realizar un nuevo pedido de la pieza que deseas.<\/span><\/p><p data-start=\"1308\" data-end=\"1398\"><span style=\"font-size: 12pt;\"><strong>Cuidado y mantenimiento<\/strong><\/span><\/p><p data-start=\"1308\" data-end=\"1398\"><span style=\"font-size: 10pt;\">Para obtener informaci\u00f3n detallada sobre c\u00f3mo preservar la belleza de su pieza de Risemberg, visite nuestra p\u00e1gina de <a href=\"https:\/\/risembergstudio.com\/leather-care\/\"><strong data-start=\"251\" data-end=\"272\">Cuidado del cuero<\/strong><\/a> guide.<\/span><\/p><h3 data-start=\"2723\" data-end=\"2738\"><span style=\"font-size: 12pt;\"><strong data-start=\"2727\" data-end=\"2738\">Contacto<\/strong><\/span><\/h3><p data-start=\"2739\" data-end=\"2901\"><span style=\"font-size: 12pt;\">\u00bfA\u00fan tienes preguntas?<\/span><\/p><p data-start=\"2739\" data-end=\"2901\"><span style=\"font-size: 10pt;\">Nos encantar\u00eda ayudarte. Cont\u00e1ctanos en <span style=\"text-decoration: underline;\"><strong data-start=\"2800\" data-end=\"2816\">contact@risembergstudio.com<\/strong> <\/span>o a trav\u00e9s de nuestro formulario de contacto y nuestro equipo le responder\u00e1 a la brevedad.<\/span><\/p>\t\t\t\t\t\t\t\t<\/div>\n\t\t\t\t\t<\/div>\n\t\t\t\t<\/div>\n\t\t\t\t<\/div>","protected":false},"excerpt":{"rendered":"<p>Frequently Asked Questions Orders &amp; Payments How can I place an order? To purchase a piece from Risemberg, simply select [&hellip;]<\/p>","protected":false},"author":1,"featured_media":0,"parent":0,"menu_order":0,"comment_status":"closed","ping_status":"closed","template":"","meta":{"site-sidebar-layout":"no-sidebar","site-content-layout":"","ast-site-content-layout":"full-width-container","site-content-style":"default","site-sidebar-style":"default","ast-global-header-display":"","ast-banner-title-visibility":"","ast-main-header-display":"","ast-hfb-above-header-display":"","ast-hfb-below-header-display":"","ast-hfb-mobile-header-display":"","site-post-title":"disabled","ast-breadcrumbs-content":"","ast-featured-img":"disabled","footer-sml-layout":"","ast-disable-related-posts":"","theme-transparent-header-meta":"","adv-header-id-meta":"","stick-header-meta":"","header-above-stick-meta":"","header-main-stick-meta":"","header-below-stick-meta":"","astra-migrate-meta-layouts":"default","ast-page-background-enabled":"default","ast-page-background-meta":{"desktop":{"background-color":"var(--ast-global-color-5)","background-image":"","background-repeat":"repeat","background-position":"center center","background-size":"auto","background-attachment":"scroll","background-type":"","background-media":"","overlay-type":"","overlay-color":"","overlay-opacity":"","overlay-gradient":""},"tablet":{"background-color":"","background-image":"","background-repeat":"repeat","background-position":"center center","background-size":"auto","background-attachment":"scroll","background-type":"","background-media":"","overlay-type":"","overlay-color":"","overlay-opacity":"","overlay-gradient":""},"mobile":{"background-color":"","background-image":"","background-repeat":"repeat","background-position":"center center","background-size":"auto","background-attachment":"scroll","background-type":"","background-media":"","overlay-type":"","overlay-color":"","overlay-opacity":"","overlay-gradient":""}},"ast-content-background-meta":{"desktop":{"background-color":"var(--ast-global-color-4)","background-image":"","background-repeat":"repeat","background-position":"center center","background-size":"auto","background-attachment":"scroll","background-type":"","background-media":"","overlay-type":"","overlay-color":"","overlay-opacity":"","overlay-gradient":""},"tablet":{"background-color":"var(--ast-global-color-4)","background-image":"","background-repeat":"repeat","background-position":"center center","background-size":"auto","background-attachment":"scroll","background-type":"","background-media":"","overlay-type":"","overlay-color":"","overlay-opacity":"","overlay-gradient":""},"mobile":{"background-color":"var(--ast-global-color-4)","background-image":"","background-repeat":"repeat","background-position":"center center","background-size":"auto","background-attachment":"scroll","background-type":"","background-media":"","overlay-type":"","overlay-color":"","overlay-opacity":"","overlay-gradient":""}},"footnotes":""},"class_list":["post-4694","page","type-page","status-publish","hentry"],"yoast_head":"<!-- This site is optimized with the Yoast SEO plugin v27.4 - https:\/\/yoast.com\/product\/yoast-seo-wordpress\/ -->\n<title>frequently asked questions -<\/title>\n<meta name=\"robots\" content=\"index, follow, max-snippet:-1, max-image-preview:large, max-video-preview:-1\" \/>\n<link rel=\"canonical\" href=\"https:\/\/risembergstudio.com\/es\/frequently-asked-questions\/\" \/>\n<meta property=\"og:locale\" content=\"es_ES\" \/>\n<meta property=\"og:type\" content=\"article\" \/>\n<meta property=\"og:title\" content=\"frequently asked questions -\" \/>\n<meta property=\"og:description\" content=\"Frequently Asked Questions Orders &amp; Payments How can I place an order? To purchase a piece from Risemberg, simply select [&hellip;]\" \/>\n<meta property=\"og:url\" content=\"https:\/\/risembergstudio.com\/es\/frequently-asked-questions\/\" \/>\n<meta property=\"article:modified_time\" content=\"2026-02-25T16:56:41+00:00\" \/>\n<meta name=\"twitter:card\" content=\"summary_large_image\" \/>\n<meta name=\"twitter:label1\" content=\"Tiempo de lectura\" \/>\n\t<meta name=\"twitter:data1\" content=\"2 minutos\" \/>\n<script type=\"application\/ld+json\" class=\"yoast-schema-graph\">{\"@context\":\"https:\\\/\\\/schema.org\",\"@graph\":[{\"@type\":\"WebPage\",\"@id\":\"https:\\\/\\\/risembergstudio.com\\\/frequently-asked-questions\\\/\",\"url\":\"https:\\\/\\\/risembergstudio.com\\\/frequently-asked-questions\\\/\",\"name\":\"frequently asked questions -\",\"isPartOf\":{\"@id\":\"https:\\\/\\\/risembergstudio.com\\\/#website\"},\"datePublished\":\"2025-11-03T12:19:10+00:00\",\"dateModified\":\"2026-02-25T16:56:41+00:00\",\"breadcrumb\":{\"@id\":\"https:\\\/\\\/risembergstudio.com\\\/frequently-asked-questions\\\/#breadcrumb\"},\"inLanguage\":\"es\",\"potentialAction\":[{\"@type\":\"ReadAction\",\"target\":[\"https:\\\/\\\/risembergstudio.com\\\/frequently-asked-questions\\\/\"]}]},{\"@type\":\"BreadcrumbList\",\"@id\":\"https:\\\/\\\/risembergstudio.com\\\/frequently-asked-questions\\\/#breadcrumb\",\"itemListElement\":[{\"@type\":\"ListItem\",\"position\":1,\"name\":\"Home\",\"item\":\"https:\\\/\\\/risembergstudio.com\\\/\"},{\"@type\":\"ListItem\",\"position\":2,\"name\":\"frequently asked questions\"}]},{\"@type\":\"WebSite\",\"@id\":\"https:\\\/\\\/risembergstudio.com\\\/#website\",\"url\":\"https:\\\/\\\/risembergstudio.com\\\/\",\"name\":\"\",\"description\":\"\",\"potentialAction\":[{\"@type\":\"SearchAction\",\"target\":{\"@type\":\"EntryPoint\",\"urlTemplate\":\"https:\\\/\\\/risembergstudio.com\\\/?s={search_term_string}\"},\"query-input\":{\"@type\":\"PropertyValueSpecification\",\"valueRequired\":true,\"valueName\":\"search_term_string\"}}],\"inLanguage\":\"es\"}]}<\/script>\n<!-- \/ Yoast SEO plugin. -->","yoast_head_json":{"title":"frequently asked questions -","robots":{"index":"index","follow":"follow","max-snippet":"max-snippet:-1","max-image-preview":"max-image-preview:large","max-video-preview":"max-video-preview:-1"},"canonical":"https:\/\/risembergstudio.com\/es\/frequently-asked-questions\/","og_locale":"es_ES","og_type":"article","og_title":"frequently asked questions -","og_description":"Frequently Asked Questions Orders &amp; Payments How can I place an order? To purchase a piece from Risemberg, simply select [&hellip;]","og_url":"https:\/\/risembergstudio.com\/es\/frequently-asked-questions\/","article_modified_time":"2026-02-25T16:56:41+00:00","twitter_card":"summary_large_image","twitter_misc":{"Tiempo de lectura":"2 minutos"},"schema":{"@context":"https:\/\/schema.org","@graph":[{"@type":"WebPage","@id":"https:\/\/risembergstudio.com\/frequently-asked-questions\/","url":"https:\/\/risembergstudio.com\/frequently-asked-questions\/","name":"frequently asked questions -","isPartOf":{"@id":"https:\/\/risembergstudio.com\/#website"},"datePublished":"2025-11-03T12:19:10+00:00","dateModified":"2026-02-25T16:56:41+00:00","breadcrumb":{"@id":"https:\/\/risembergstudio.com\/frequently-asked-questions\/#breadcrumb"},"inLanguage":"es","potentialAction":[{"@type":"ReadAction","target":["https:\/\/risembergstudio.com\/frequently-asked-questions\/"]}]},{"@type":"BreadcrumbList","@id":"https:\/\/risembergstudio.com\/frequently-asked-questions\/#breadcrumb","itemListElement":[{"@type":"ListItem","position":1,"name":"Home","item":"https:\/\/risembergstudio.com\/"},{"@type":"ListItem","position":2,"name":"frequently asked questions"}]},{"@type":"WebSite","@id":"https:\/\/risembergstudio.com\/#website","url":"https:\/\/risembergstudio.com\/","name":"","description":"","potentialAction":[{"@type":"SearchAction","target":{"@type":"EntryPoint","urlTemplate":"https:\/\/risembergstudio.com\/?s={search_term_string}"},"query-input":{"@type":"PropertyValueSpecification","valueRequired":true,"valueName":"search_term_string"}}],"inLanguage":"es"}]}},"_links":{"self":[{"href":"https:\/\/risembergstudio.com\/es\/wp-json\/wp\/v2\/pages\/4694","targetHints":{"allow":["GET"]}}],"collection":[{"href":"https:\/\/risembergstudio.com\/es\/wp-json\/wp\/v2\/pages"}],"about":[{"href":"https:\/\/risembergstudio.com\/es\/wp-json\/wp\/v2\/types\/page"}],"author":[{"embeddable":true,"href":"https:\/\/risembergstudio.com\/es\/wp-json\/wp\/v2\/users\/1"}],"replies":[{"embeddable":true,"href":"https:\/\/risembergstudio.com\/es\/wp-json\/wp\/v2\/comments?post=4694"}],"version-history":[{"count":3,"href":"https:\/\/risembergstudio.com\/es\/wp-json\/wp\/v2\/pages\/4694\/revisions"}],"predecessor-version":[{"id":7924,"href":"https:\/\/risembergstudio.com\/es\/wp-json\/wp\/v2\/pages\/4694\/revisions\/7924"}],"wp:attachment":[{"href":"https:\/\/risembergstudio.com\/es\/wp-json\/wp\/v2\/media?parent=4694"}],"curies":[{"name":"wp","href":"https:\/\/api.w.org\/{rel}","templated":true}]}}