{"id":535,"date":"2025-07-12T06:23:18","date_gmt":"2025-07-12T06:23:18","guid":{"rendered":"https:\/\/risembergstudio.com\/?page_id=535"},"modified":"2026-02-25T16:50:56","modified_gmt":"2026-02-25T16:50:56","slug":"customer-service","status":"publish","type":"page","link":"https:\/\/risembergstudio.com\/es\/customer-service\/","title":{"rendered":"Atenci\u00f3n al cliente"},"content":{"rendered":"<div data-elementor-type=\"wp-page\" data-elementor-id=\"535\" class=\"elementor elementor-535\">\n\t\t\t\t<div class=\"elementor-element elementor-element-5ee96a2 e-con-full e-flex e-con e-parent\" data-id=\"5ee96a2\" data-element_type=\"container\" data-e-type=\"container\">\n\t\t\t\t<div class=\"elementor-element elementor-element-dfaf222 elementor-widget-mobile__width-initial elementor-widget elementor-widget-text-editor\" data-id=\"dfaf222\" data-element_type=\"widget\" data-e-type=\"widget\" data-widget_type=\"text-editor.default\">\n\t\t\t\t\t\t\t\t\t<h2><span style=\"font-size: 14pt;\">Atenci\u00f3n al cliente<\/span><\/h2><p style=\"text-align: justify;\"><span style=\"font-size: 10pt;\">En Risemberg, nos dedicamos a brindarle un soporte excepcional. Explore nuestra <a href=\"https:\/\/risembergstudio.com\/frequently-asked-questions\/\"><span style=\"text-decoration: underline;\">secci\u00f3n de Preguntas Frecuentes<\/span><\/a> o comun\u00edquese con nuestro equipo de Atenci\u00f3n al Cliente a trav\u00e9s de su m\u00e9todo preferido.<\/span><\/p>\t\t\t\t\t\t\t\t<\/div>\n\t\t\t\t<\/div>\n\t\t<div class=\"elementor-element elementor-element-ccc1627 e-con-full e-flex e-con e-parent\" data-id=\"ccc1627\" data-element_type=\"container\" data-e-type=\"container\">\n\t\t\t\t<\/div>\n\t\t<div class=\"elementor-element elementor-element-b9192f7 e-flex e-con-boxed e-con e-parent\" data-id=\"b9192f7\" data-element_type=\"container\" data-e-type=\"container\">\n\t\t\t\t\t<div class=\"e-con-inner\">\n\t\t\t\t<div class=\"elementor-element elementor-element-de18c1a elementor-widget elementor-widget-spacer\" data-id=\"de18c1a\" data-element_type=\"widget\" data-e-type=\"widget\" data-widget_type=\"spacer.default\">\n\t\t\t\t\t\t\t<div class=\"elementor-spacer\">\n\t\t\t<div class=\"elementor-spacer-inner\"><\/div>\n\t\t<\/div>\n\t\t\t\t\t\t<\/div>\n\t\t\t\t\t<\/div>\n\t\t\t\t<\/div>\n\t\t\t\t<\/div>","protected":false},"excerpt":{"rendered":"<p>Client Services At Risemberg, we\u2019re dedicated to providing you with exceptional support. Please explore our FAQ&#8217;s section or reach out [&hellip;]<\/p>","protected":false},"author":1,"featured_media":0,"parent":0,"menu_order":0,"comment_status":"closed","ping_status":"closed","template":"","meta":{"site-sidebar-layout":"no-sidebar","site-content-layout":"","ast-site-content-layout":"full-width-container","site-content-style":"default","site-sidebar-style":"default","ast-global-header-display":"","ast-banner-title-visibility":"","ast-main-header-display":"","ast-hfb-above-header-display":"","ast-hfb-below-header-display":"","ast-hfb-mobile-header-display":"","site-post-title":"disabled","ast-breadcrumbs-content":"","ast-featured-img":"disabled","footer-sml-layout":"","ast-disable-related-posts":"","theme-transparent-header-meta":"","adv-header-id-meta":"","stick-header-meta":"","header-above-stick-meta":"","header-main-stick-meta":"","header-below-stick-meta":"","astra-migrate-meta-layouts":"default","ast-page-background-enabled":"default","ast-page-background-meta":{"desktop":{"background-color":"var(--ast-global-color-5)","background-image":"","background-repeat":"repeat","background-position":"center center","background-size":"auto","background-attachment":"scroll","background-type":"","background-media":"","overlay-type":"","overlay-color":"","overlay-opacity":"","overlay-gradient":""},"tablet":{"background-color":"","background-image":"","background-repeat":"repeat","background-position":"center center","background-size":"auto","background-attachment":"scroll","background-type":"","background-media":"","overlay-type":"","overlay-color":"","overlay-opacity":"","overlay-gradient":""},"mobile":{"background-color":"","background-image":"","background-repeat":"repeat","background-position":"center center","background-size":"auto","background-attachment":"scroll","background-type":"","background-media":"","overlay-type":"","overlay-color":"","overlay-opacity":"","overlay-gradient":""}},"ast-content-background-meta":{"desktop":{"background-color":"var(--ast-global-color-4)","background-image":"","background-repeat":"repeat","background-position":"center center","background-size":"auto","background-attachment":"scroll","background-type":"","background-media":"","overlay-type":"","overlay-color":"","overlay-opacity":"","overlay-gradient":""},"tablet":{"background-color":"var(--ast-global-color-4)","background-image":"","background-repeat":"repeat","background-position":"center center","background-size":"auto","background-attachment":"scroll","background-type":"","background-media":"","overlay-type":"","overlay-color":"","overlay-opacity":"","overlay-gradient":""},"mobile":{"background-color":"var(--ast-global-color-4)","background-image":"","background-repeat":"repeat","background-position":"center center","background-size":"auto","background-attachment":"scroll","background-type":"","background-media":"","overlay-type":"","overlay-color":"","overlay-opacity":"","overlay-gradient":""}},"footnotes":""},"class_list":["post-535","page","type-page","status-publish","hentry"],"yoast_head":"<!-- This site is optimized with the Yoast SEO plugin v27.4 - https:\/\/yoast.com\/product\/yoast-seo-wordpress\/ -->\n<title>Client Services -<\/title>\n<meta name=\"robots\" content=\"index, follow, max-snippet:-1, max-image-preview:large, max-video-preview:-1\" \/>\n<link rel=\"canonical\" href=\"https:\/\/risembergstudio.com\/es\/customer-service\/\" \/>\n<meta property=\"og:locale\" content=\"es_ES\" \/>\n<meta property=\"og:type\" content=\"article\" \/>\n<meta property=\"og:title\" content=\"Client Services -\" \/>\n<meta property=\"og:description\" content=\"Client Services At Risemberg, we\u2019re dedicated to providing you with exceptional support. Please explore our FAQ&#8217;s section or reach out [&hellip;]\" \/>\n<meta property=\"og:url\" content=\"https:\/\/risembergstudio.com\/es\/customer-service\/\" \/>\n<meta property=\"article:modified_time\" content=\"2026-02-25T16:50:56+00:00\" \/>\n<meta property=\"og:image\" content=\"https:\/\/risembergstudio.com\/wp-content\/plugins\/wpforms-lite\/assets\/images\/submit-spin.svg\" \/>\n<meta name=\"twitter:card\" content=\"summary_large_image\" \/>\n<meta name=\"twitter:label1\" content=\"Tiempo de lectura\" \/>\n\t<meta name=\"twitter:data1\" content=\"1 minuto\" \/>\n<script type=\"application\/ld+json\" class=\"yoast-schema-graph\">{\"@context\":\"https:\\\/\\\/schema.org\",\"@graph\":[{\"@type\":\"WebPage\",\"@id\":\"https:\\\/\\\/risembergstudio.com\\\/customer-service\\\/\",\"url\":\"https:\\\/\\\/risembergstudio.com\\\/customer-service\\\/\",\"name\":\"Client Services -\",\"isPartOf\":{\"@id\":\"https:\\\/\\\/risembergstudio.com\\\/#website\"},\"primaryImageOfPage\":{\"@id\":\"https:\\\/\\\/risembergstudio.com\\\/customer-service\\\/#primaryimage\"},\"image\":{\"@id\":\"https:\\\/\\\/risembergstudio.com\\\/customer-service\\\/#primaryimage\"},\"thumbnailUrl\":\"https:\\\/\\\/risembergstudio.com\\\/wp-content\\\/plugins\\\/wpforms-lite\\\/assets\\\/images\\\/submit-spin.svg\",\"datePublished\":\"2025-07-12T06:23:18+00:00\",\"dateModified\":\"2026-02-25T16:50:56+00:00\",\"breadcrumb\":{\"@id\":\"https:\\\/\\\/risembergstudio.com\\\/customer-service\\\/#breadcrumb\"},\"inLanguage\":\"es\",\"potentialAction\":[{\"@type\":\"ReadAction\",\"target\":[\"https:\\\/\\\/risembergstudio.com\\\/customer-service\\\/\"]}]},{\"@type\":\"ImageObject\",\"inLanguage\":\"es\",\"@id\":\"https:\\\/\\\/risembergstudio.com\\\/customer-service\\\/#primaryimage\",\"url\":\"https:\\\/\\\/risembergstudio.com\\\/wp-content\\\/plugins\\\/wpforms-lite\\\/assets\\\/images\\\/submit-spin.svg\",\"contentUrl\":\"https:\\\/\\\/risembergstudio.com\\\/wp-content\\\/plugins\\\/wpforms-lite\\\/assets\\\/images\\\/submit-spin.svg\"},{\"@type\":\"BreadcrumbList\",\"@id\":\"https:\\\/\\\/risembergstudio.com\\\/customer-service\\\/#breadcrumb\",\"itemListElement\":[{\"@type\":\"ListItem\",\"position\":1,\"name\":\"Home\",\"item\":\"https:\\\/\\\/risembergstudio.com\\\/\"},{\"@type\":\"ListItem\",\"position\":2,\"name\":\"Client Services\"}]},{\"@type\":\"WebSite\",\"@id\":\"https:\\\/\\\/risembergstudio.com\\\/#website\",\"url\":\"https:\\\/\\\/risembergstudio.com\\\/\",\"name\":\"\",\"description\":\"\",\"potentialAction\":[{\"@type\":\"SearchAction\",\"target\":{\"@type\":\"EntryPoint\",\"urlTemplate\":\"https:\\\/\\\/risembergstudio.com\\\/?s={search_term_string}\"},\"query-input\":{\"@type\":\"PropertyValueSpecification\",\"valueRequired\":true,\"valueName\":\"search_term_string\"}}],\"inLanguage\":\"es\"}]}<\/script>\n<!-- \/ Yoast SEO plugin. -->","yoast_head_json":{"title":"Client Services -","robots":{"index":"index","follow":"follow","max-snippet":"max-snippet:-1","max-image-preview":"max-image-preview:large","max-video-preview":"max-video-preview:-1"},"canonical":"https:\/\/risembergstudio.com\/es\/customer-service\/","og_locale":"es_ES","og_type":"article","og_title":"Client Services -","og_description":"Client Services At Risemberg, we\u2019re dedicated to providing you with exceptional support. Please explore our FAQ&#8217;s section or reach out [&hellip;]","og_url":"https:\/\/risembergstudio.com\/es\/customer-service\/","article_modified_time":"2026-02-25T16:50:56+00:00","og_image":[{"url":"https:\/\/risembergstudio.com\/wp-content\/plugins\/wpforms-lite\/assets\/images\/submit-spin.svg","type":"","width":"","height":""}],"twitter_card":"summary_large_image","twitter_misc":{"Tiempo de lectura":"1 minuto"},"schema":{"@context":"https:\/\/schema.org","@graph":[{"@type":"WebPage","@id":"https:\/\/risembergstudio.com\/customer-service\/","url":"https:\/\/risembergstudio.com\/customer-service\/","name":"Client Services -","isPartOf":{"@id":"https:\/\/risembergstudio.com\/#website"},"primaryImageOfPage":{"@id":"https:\/\/risembergstudio.com\/customer-service\/#primaryimage"},"image":{"@id":"https:\/\/risembergstudio.com\/customer-service\/#primaryimage"},"thumbnailUrl":"https:\/\/risembergstudio.com\/wp-content\/plugins\/wpforms-lite\/assets\/images\/submit-spin.svg","datePublished":"2025-07-12T06:23:18+00:00","dateModified":"2026-02-25T16:50:56+00:00","breadcrumb":{"@id":"https:\/\/risembergstudio.com\/customer-service\/#breadcrumb"},"inLanguage":"es","potentialAction":[{"@type":"ReadAction","target":["https:\/\/risembergstudio.com\/customer-service\/"]}]},{"@type":"ImageObject","inLanguage":"es","@id":"https:\/\/risembergstudio.com\/customer-service\/#primaryimage","url":"https:\/\/risembergstudio.com\/wp-content\/plugins\/wpforms-lite\/assets\/images\/submit-spin.svg","contentUrl":"https:\/\/risembergstudio.com\/wp-content\/plugins\/wpforms-lite\/assets\/images\/submit-spin.svg"},{"@type":"BreadcrumbList","@id":"https:\/\/risembergstudio.com\/customer-service\/#breadcrumb","itemListElement":[{"@type":"ListItem","position":1,"name":"Home","item":"https:\/\/risembergstudio.com\/"},{"@type":"ListItem","position":2,"name":"Client Services"}]},{"@type":"WebSite","@id":"https:\/\/risembergstudio.com\/#website","url":"https:\/\/risembergstudio.com\/","name":"","description":"","potentialAction":[{"@type":"SearchAction","target":{"@type":"EntryPoint","urlTemplate":"https:\/\/risembergstudio.com\/?s={search_term_string}"},"query-input":{"@type":"PropertyValueSpecification","valueRequired":true,"valueName":"search_term_string"}}],"inLanguage":"es"}]}},"_links":{"self":[{"href":"https:\/\/risembergstudio.com\/es\/wp-json\/wp\/v2\/pages\/535","targetHints":{"allow":["GET"]}}],"collection":[{"href":"https:\/\/risembergstudio.com\/es\/wp-json\/wp\/v2\/pages"}],"about":[{"href":"https:\/\/risembergstudio.com\/es\/wp-json\/wp\/v2\/types\/page"}],"author":[{"embeddable":true,"href":"https:\/\/risembergstudio.com\/es\/wp-json\/wp\/v2\/users\/1"}],"replies":[{"embeddable":true,"href":"https:\/\/risembergstudio.com\/es\/wp-json\/wp\/v2\/comments?post=535"}],"version-history":[{"count":3,"href":"https:\/\/risembergstudio.com\/es\/wp-json\/wp\/v2\/pages\/535\/revisions"}],"predecessor-version":[{"id":7912,"href":"https:\/\/risembergstudio.com\/es\/wp-json\/wp\/v2\/pages\/535\/revisions\/7912"}],"wp:attachment":[{"href":"https:\/\/risembergstudio.com\/es\/wp-json\/wp\/v2\/media?parent=535"}],"curies":[{"name":"wp","href":"https:\/\/api.w.org\/{rel}","templated":true}]}}