{"id":536,"date":"2025-07-12T06:23:32","date_gmt":"2025-07-12T06:23:32","guid":{"rendered":"https:\/\/risembergstudio.com\/?page_id=536"},"modified":"2025-09-08T14:52:51","modified_gmt":"2025-09-08T14:52:51","slug":"brand-policies","status":"publish","type":"page","link":"https:\/\/risembergstudio.com\/es\/brand-policies\/","title":{"rendered":"Politicas de marca"},"content":{"rendered":"<div data-elementor-type=\"wp-page\" data-elementor-id=\"536\" class=\"elementor elementor-536\">\n\t\t\t\t<div class=\"elementor-element elementor-element-b1d2fb9 e-flex e-con-boxed e-con e-parent\" data-id=\"b1d2fb9\" data-element_type=\"container\" data-e-type=\"container\">\n\t\t\t\t\t<div class=\"e-con-inner\">\n\t\t\t\t<div class=\"elementor-element elementor-element-fdc7611 elementor-widget elementor-widget-text-editor\" data-id=\"fdc7611\" data-element_type=\"widget\" data-e-type=\"widget\" data-widget_type=\"text-editor.default\">\n\t\t\t\t\t\t\t\t\t<h2 data-start=\"129\" data-end=\"147\"><span style=\"font-size: 14pt;\"><strong data-start=\"129\" data-end=\"147\">Pol\u00edtica de Marca<\/strong><\/span><\/h2><p data-start=\"149\" data-end=\"200\"><span style=\"font-size: 10pt;\">A continuaci\u00f3n encontrar\u00e1 los enlaces a nuestras pol\u00edticas legales:<\/span><\/p><ul data-start=\"202\" data-end=\"271\"><li data-start=\"202\" data-end=\"223\"><p data-start=\"204\" data-end=\"223\"><span style=\"font-size: 10pt;\"><a class=\"\" href=\"https:\/\/risembergstudio.com\/privacy-policy\/\" rel=\"noopener\" data-start=\"204\" data-end=\"223\">Pol\u00edtica de Privacidad<\/a><\/span><\/p><\/li><li data-start=\"224\" data-end=\"245\"><p data-start=\"226\" data-end=\"245\"><span style=\"font-size: 10pt;\"><a class=\"\" href=\"https:\/\/risembergstudio.com\/cookies-policy\/\" rel=\"noopener\" data-start=\"226\" data-end=\"245\">Cookies<\/a><\/span><\/p><\/li><li data-start=\"246\" data-end=\"271\"><p data-start=\"248\" data-end=\"271\"><a href=\"https:\/\/risembergstudio.com\/terms-conditions\/\"><span style=\"font-size: 10pt;\">T\u00e9rminos y Condiciones<\/span><\/a><\/p><\/li><\/ul><p data-start=\"273\" data-end=\"449\"><span style=\"font-size: 10pt;\">Nos comprometemos con la transparencia y la protecci\u00f3n de sus derechos como usuario. Le invitamos a leer cada pol\u00edtica para comprender c\u00f3mo operamos y c\u00f3mo gestionamos sus datos.<\/span><\/p>\t\t\t\t\t\t\t\t<\/div>\n\t\t\t\t\t<\/div>\n\t\t\t\t<\/div>\n\t\t\t\t<\/div>","protected":false},"excerpt":{"rendered":"<p>Brand Policies Below you can find the links to our legal policies: Privacy Policy Cookies Terms &amp; Conditions We are [&hellip;]<\/p>","protected":false},"author":1,"featured_media":0,"parent":0,"menu_order":0,"comment_status":"closed","ping_status":"closed","template":"","meta":{"site-sidebar-layout":"no-sidebar","site-content-layout":"","ast-site-content-layout":"full-width-container","site-content-style":"default","site-sidebar-style":"default","ast-global-header-display":"","ast-banner-title-visibility":"","ast-main-header-display":"","ast-hfb-above-header-display":"","ast-hfb-below-header-display":"","ast-hfb-mobile-header-display":"","site-post-title":"disabled","ast-breadcrumbs-content":"","ast-featured-img":"disabled","footer-sml-layout":"","ast-disable-related-posts":"","theme-transparent-header-meta":"","adv-header-id-meta":"","stick-header-meta":"","header-above-stick-meta":"","header-main-stick-meta":"","header-below-stick-meta":"","astra-migrate-meta-layouts":"default","ast-page-background-enabled":"default","ast-page-background-meta":{"desktop":{"background-color":"var(--ast-global-color-5)","background-image":"","background-repeat":"repeat","background-position":"center center","background-size":"auto","background-attachment":"scroll","background-type":"","background-media":"","overlay-type":"","overlay-color":"","overlay-opacity":"","overlay-gradient":""},"tablet":{"background-color":"","background-image":"","background-repeat":"repeat","background-position":"center center","background-size":"auto","background-attachment":"scroll","background-type":"","background-media":"","overlay-type":"","overlay-color":"","overlay-opacity":"","overlay-gradient":""},"mobile":{"background-color":"","background-image":"","background-repeat":"repeat","background-position":"center center","background-size":"auto","background-attachment":"scroll","background-type":"","background-media":"","overlay-type":"","overlay-color":"","overlay-opacity":"","overlay-gradient":""}},"ast-content-background-meta":{"desktop":{"background-color":"var(--ast-global-color-4)","background-image":"","background-repeat":"repeat","background-position":"center center","background-size":"auto","background-attachment":"scroll","background-type":"","background-media":"","overlay-type":"","overlay-color":"","overlay-opacity":"","overlay-gradient":""},"tablet":{"background-color":"var(--ast-global-color-4)","background-image":"","background-repeat":"repeat","background-position":"center center","background-size":"auto","background-attachment":"scroll","background-type":"","background-media":"","overlay-type":"","overlay-color":"","overlay-opacity":"","overlay-gradient":""},"mobile":{"background-color":"var(--ast-global-color-4)","background-image":"","background-repeat":"repeat","background-position":"center center","background-size":"auto","background-attachment":"scroll","background-type":"","background-media":"","overlay-type":"","overlay-color":"","overlay-opacity":"","overlay-gradient":""}},"footnotes":""},"class_list":["post-536","page","type-page","status-publish","hentry"],"yoast_head":"<!-- This site is optimized with the Yoast SEO plugin v27.4 - https:\/\/yoast.com\/product\/yoast-seo-wordpress\/ -->\n<title>Brand policies -<\/title>\n<meta name=\"robots\" content=\"index, follow, max-snippet:-1, max-image-preview:large, max-video-preview:-1\" \/>\n<link rel=\"canonical\" href=\"https:\/\/risembergstudio.com\/es\/brand-policies\/\" \/>\n<meta property=\"og:locale\" content=\"es_ES\" \/>\n<meta property=\"og:type\" content=\"article\" \/>\n<meta property=\"og:title\" content=\"Brand policies -\" \/>\n<meta property=\"og:description\" content=\"Brand Policies Below you can find the links to our legal policies: Privacy Policy Cookies Terms &amp; Conditions We are [&hellip;]\" \/>\n<meta property=\"og:url\" content=\"https:\/\/risembergstudio.com\/es\/brand-policies\/\" \/>\n<meta property=\"article:modified_time\" content=\"2025-09-08T14:52:51+00:00\" \/>\n<meta name=\"twitter:card\" content=\"summary_large_image\" \/>\n<script type=\"application\/ld+json\" class=\"yoast-schema-graph\">{\"@context\":\"https:\\\/\\\/schema.org\",\"@graph\":[{\"@type\":\"WebPage\",\"@id\":\"https:\\\/\\\/risembergstudio.com\\\/brand-policies\\\/\",\"url\":\"https:\\\/\\\/risembergstudio.com\\\/brand-policies\\\/\",\"name\":\"Brand policies -\",\"isPartOf\":{\"@id\":\"https:\\\/\\\/risembergstudio.com\\\/#website\"},\"datePublished\":\"2025-07-12T06:23:32+00:00\",\"dateModified\":\"2025-09-08T14:52:51+00:00\",\"breadcrumb\":{\"@id\":\"https:\\\/\\\/risembergstudio.com\\\/brand-policies\\\/#breadcrumb\"},\"inLanguage\":\"es\",\"potentialAction\":[{\"@type\":\"ReadAction\",\"target\":[\"https:\\\/\\\/risembergstudio.com\\\/brand-policies\\\/\"]}]},{\"@type\":\"BreadcrumbList\",\"@id\":\"https:\\\/\\\/risembergstudio.com\\\/brand-policies\\\/#breadcrumb\",\"itemListElement\":[{\"@type\":\"ListItem\",\"position\":1,\"name\":\"Home\",\"item\":\"https:\\\/\\\/risembergstudio.com\\\/\"},{\"@type\":\"ListItem\",\"position\":2,\"name\":\"Brand policies\"}]},{\"@type\":\"WebSite\",\"@id\":\"https:\\\/\\\/risembergstudio.com\\\/#website\",\"url\":\"https:\\\/\\\/risembergstudio.com\\\/\",\"name\":\"\",\"description\":\"\",\"potentialAction\":[{\"@type\":\"SearchAction\",\"target\":{\"@type\":\"EntryPoint\",\"urlTemplate\":\"https:\\\/\\\/risembergstudio.com\\\/?s={search_term_string}\"},\"query-input\":{\"@type\":\"PropertyValueSpecification\",\"valueRequired\":true,\"valueName\":\"search_term_string\"}}],\"inLanguage\":\"es\"}]}<\/script>\n<!-- \/ Yoast SEO plugin. -->","yoast_head_json":{"title":"Brand policies -","robots":{"index":"index","follow":"follow","max-snippet":"max-snippet:-1","max-image-preview":"max-image-preview:large","max-video-preview":"max-video-preview:-1"},"canonical":"https:\/\/risembergstudio.com\/es\/brand-policies\/","og_locale":"es_ES","og_type":"article","og_title":"Brand policies -","og_description":"Brand Policies Below you can find the links to our legal policies: Privacy Policy Cookies Terms &amp; Conditions We are [&hellip;]","og_url":"https:\/\/risembergstudio.com\/es\/brand-policies\/","article_modified_time":"2025-09-08T14:52:51+00:00","twitter_card":"summary_large_image","schema":{"@context":"https:\/\/schema.org","@graph":[{"@type":"WebPage","@id":"https:\/\/risembergstudio.com\/brand-policies\/","url":"https:\/\/risembergstudio.com\/brand-policies\/","name":"Brand policies -","isPartOf":{"@id":"https:\/\/risembergstudio.com\/#website"},"datePublished":"2025-07-12T06:23:32+00:00","dateModified":"2025-09-08T14:52:51+00:00","breadcrumb":{"@id":"https:\/\/risembergstudio.com\/brand-policies\/#breadcrumb"},"inLanguage":"es","potentialAction":[{"@type":"ReadAction","target":["https:\/\/risembergstudio.com\/brand-policies\/"]}]},{"@type":"BreadcrumbList","@id":"https:\/\/risembergstudio.com\/brand-policies\/#breadcrumb","itemListElement":[{"@type":"ListItem","position":1,"name":"Home","item":"https:\/\/risembergstudio.com\/"},{"@type":"ListItem","position":2,"name":"Brand policies"}]},{"@type":"WebSite","@id":"https:\/\/risembergstudio.com\/#website","url":"https:\/\/risembergstudio.com\/","name":"","description":"","potentialAction":[{"@type":"SearchAction","target":{"@type":"EntryPoint","urlTemplate":"https:\/\/risembergstudio.com\/?s={search_term_string}"},"query-input":{"@type":"PropertyValueSpecification","valueRequired":true,"valueName":"search_term_string"}}],"inLanguage":"es"}]}},"_links":{"self":[{"href":"https:\/\/risembergstudio.com\/es\/wp-json\/wp\/v2\/pages\/536","targetHints":{"allow":["GET"]}}],"collection":[{"href":"https:\/\/risembergstudio.com\/es\/wp-json\/wp\/v2\/pages"}],"about":[{"href":"https:\/\/risembergstudio.com\/es\/wp-json\/wp\/v2\/types\/page"}],"author":[{"embeddable":true,"href":"https:\/\/risembergstudio.com\/es\/wp-json\/wp\/v2\/users\/1"}],"replies":[{"embeddable":true,"href":"https:\/\/risembergstudio.com\/es\/wp-json\/wp\/v2\/comments?post=536"}],"version-history":[{"count":0,"href":"https:\/\/risembergstudio.com\/es\/wp-json\/wp\/v2\/pages\/536\/revisions"}],"wp:attachment":[{"href":"https:\/\/risembergstudio.com\/es\/wp-json\/wp\/v2\/media?parent=536"}],"curies":[{"name":"wp","href":"https:\/\/api.w.org\/{rel}","templated":true}]}}