{"id":6635,"date":"2025-12-25T18:31:42","date_gmt":"2025-12-25T18:31:42","guid":{"rendered":"https:\/\/risembergstudio.com\/?page_id=6635"},"modified":"2025-12-25T19:15:59","modified_gmt":"2025-12-25T19:15:59","slug":"pvd-coating","status":"publish","type":"page","link":"https:\/\/risembergstudio.com\/es\/pvd-coating\/","title":{"rendered":"pvd coating"},"content":{"rendered":"<div data-elementor-type=\"wp-page\" data-elementor-id=\"6635\" class=\"elementor elementor-6635\">\n\t\t\t\t<div class=\"elementor-element elementor-element-769f3356 e-flex e-con-boxed e-con e-parent\" data-id=\"769f3356\" data-element_type=\"container\" data-e-type=\"container\" data-settings=\"{&quot;background_background&quot;:&quot;classic&quot;}\">\n\t\t\t\t\t<div class=\"e-con-inner\">\n\t\t\t\t<div class=\"elementor-element elementor-element-560994c2 elementor-widget elementor-widget-text-editor\" data-id=\"560994c2\" data-element_type=\"widget\" data-e-type=\"widget\" data-widget_type=\"text-editor.default\">\n\t\t\t\t\t\t\t\t\t<p data-start=\"157\" data-end=\"175\"><span style=\"font-size: 14pt;\"><strong data-start=\"157\" data-end=\"175\">Herrajes con revestimiento de PVD<\/strong><\/span><\/p><p data-start=\"159\" data-end=\"309\">Cada detalle importa. Por eso nuestros bolsos cuentan con <strong data-start=\"211\" data-end=\"234\">herrajes con revestimiento de PVD<\/strong>, un acabado de alta calidad ampliamente utilizado en joyer\u00eda fina y relojer\u00eda de lujo.<\/p><p data-start=\"311\" data-end=\"549\"><strong data-start=\"311\" data-end=\"335\">\u00bfQu\u00e9 es el recubrimiento PVD?<\/strong><\/p><p data-start=\"311\" data-end=\"549\">PVD significa <em data-start=\"353\" data-end=\"380\">Deposici\u00f3n f\u00edsica de vapor<\/em>. Es un proceso avanzado en el que se aplica color y protecci\u00f3n a nivel molecular, creando una capa excepcionalmente duradera que se adhiere perfectamente al metal.<\/p><p data-start=\"551\" data-end=\"617\"><strong data-start=\"551\" data-end=\"574\">\u00bfPor qu\u00e9 es superior?<\/strong><\/p><p data-start=\"551\" data-end=\"617\">A diferencia del enchapado tradicional, el recubrimiento PVD:<\/p><ul data-start=\"619\" data-end=\"780\"><li data-start=\"619\" data-end=\"652\"><p data-start=\"621\" data-end=\"652\">Conserva su color a lo largo del tiempo.<\/p><\/li><li data-start=\"653\" data-end=\"694\"><p data-start=\"655\" data-end=\"694\">Resiste el desgaste, la fricci\u00f3n y el uso diario.<\/p><\/li><li data-start=\"695\" data-end=\"730\"><p data-start=\"697\" data-end=\"730\">No se astilla, pela ni oxida.<\/p><\/li><li data-start=\"731\" data-end=\"780\"><p data-start=\"733\" data-end=\"780\">Mantiene un acabado refinado y elegante durante a\u00f1os.<\/p><\/li><\/ul><p data-start=\"782\" data-end=\"1009\"><strong data-start=\"782\" data-end=\"802\">Dise\u00f1ado para durar<\/strong><\/p><p data-start=\"782\" data-end=\"1009\">El resultado es un hardware que no solo luce sofisticado, sino que est\u00e1 hecho para resistir el d\u00eda a d\u00eda sin comprometer su belleza. Porque un bolso bien dise\u00f1ado no deber\u00eda envejecer mal, sino que deber\u00eda evolucionar contigo.<\/p>\t\t\t\t\t\t\t\t<\/div>\n\t\t\t\t\t<\/div>\n\t\t\t\t<\/div>\n\t\t<div class=\"elementor-element elementor-element-2c0f626 e-grid e-con-full e-con e-parent\" data-id=\"2c0f626\" data-element_type=\"container\" data-e-type=\"container\">\n\t\t\t\t<div class=\"elementor-element elementor-element-48fbd32 elementor-widget elementor-widget-image\" data-id=\"48fbd32\" data-element_type=\"widget\" data-e-type=\"widget\" data-widget_type=\"image.default\">\n\t\t\t\t\t\t\t\t\t\t\t\t\t\t\t<img fetchpriority=\"high\" decoding=\"async\" width=\"778\" height=\"985\" src=\"https:\/\/risembergstudio.com\/wp-content\/uploads\/2025\/12\/391577e6-b638-4668-8942-f534f13abb09-Large.jpeg\" class=\"attachment-large size-large wp-image-6665\" alt=\"\" srcset=\"https:\/\/risembergstudio.com\/wp-content\/uploads\/2025\/12\/391577e6-b638-4668-8942-f534f13abb09-Large.jpeg 778w, https:\/\/risembergstudio.com\/wp-content\/uploads\/2025\/12\/391577e6-b638-4668-8942-f534f13abb09-Large-237x300.jpeg 237w, https:\/\/risembergstudio.com\/wp-content\/uploads\/2025\/12\/391577e6-b638-4668-8942-f534f13abb09-Large-768x972.jpeg 768w, https:\/\/risembergstudio.com\/wp-content\/uploads\/2025\/12\/391577e6-b638-4668-8942-f534f13abb09-Large-9x12.jpeg 9w, https:\/\/risembergstudio.com\/wp-content\/uploads\/2025\/12\/391577e6-b638-4668-8942-f534f13abb09-Large-600x760.jpeg 600w\" sizes=\"(max-width: 778px) 100vw, 778px\" \/>\t\t\t\t\t\t\t\t\t\t\t\t\t\t\t<\/div>\n\t\t\t\t<div class=\"elementor-element elementor-element-3c29e0a elementor-widget elementor-widget-image\" data-id=\"3c29e0a\" data-element_type=\"widget\" data-e-type=\"widget\" data-widget_type=\"image.default\">\n\t\t\t\t\t\t\t\t\t\t\t\t\t\t\t<img decoding=\"async\" width=\"726\" height=\"969\" src=\"https:\/\/risembergstudio.com\/wp-content\/uploads\/2025\/12\/8507d06a-f8e4-4705-acb8-d3affc279cec-Large.jpeg\" class=\"attachment-large size-large wp-image-6664\" alt=\"\" srcset=\"https:\/\/risembergstudio.com\/wp-content\/uploads\/2025\/12\/8507d06a-f8e4-4705-acb8-d3affc279cec-Large.jpeg 726w, https:\/\/risembergstudio.com\/wp-content\/uploads\/2025\/12\/8507d06a-f8e4-4705-acb8-d3affc279cec-Large-225x300.jpeg 225w, https:\/\/risembergstudio.com\/wp-content\/uploads\/2025\/12\/8507d06a-f8e4-4705-acb8-d3affc279cec-Large-9x12.jpeg 9w, https:\/\/risembergstudio.com\/wp-content\/uploads\/2025\/12\/8507d06a-f8e4-4705-acb8-d3affc279cec-Large-600x801.jpeg 600w\" sizes=\"(max-width: 726px) 100vw, 726px\" \/>\t\t\t\t\t\t\t\t\t\t\t\t\t\t\t<\/div>\n\t\t\t\t<div class=\"elementor-element elementor-element-409b636 elementor-widget elementor-widget-image\" data-id=\"409b636\" data-element_type=\"widget\" data-e-type=\"widget\" data-widget_type=\"image.default\">\n\t\t\t\t\t\t\t\t\t\t\t\t\t\t\t<img decoding=\"async\" width=\"990\" height=\"1002\" src=\"https:\/\/risembergstudio.com\/wp-content\/uploads\/2025\/12\/fb06d2f7-241b-46a0-9739-93cd7f13a6c1-2-2-Large.jpeg\" class=\"attachment-large size-large wp-image-6666\" alt=\"\" srcset=\"https:\/\/risembergstudio.com\/wp-content\/uploads\/2025\/12\/fb06d2f7-241b-46a0-9739-93cd7f13a6c1-2-2-Large.jpeg 990w, https:\/\/risembergstudio.com\/wp-content\/uploads\/2025\/12\/fb06d2f7-241b-46a0-9739-93cd7f13a6c1-2-2-Large-296x300.jpeg 296w, https:\/\/risembergstudio.com\/wp-content\/uploads\/2025\/12\/fb06d2f7-241b-46a0-9739-93cd7f13a6c1-2-2-Large-768x777.jpeg 768w, https:\/\/risembergstudio.com\/wp-content\/uploads\/2025\/12\/fb06d2f7-241b-46a0-9739-93cd7f13a6c1-2-2-Large-12x12.jpeg 12w, https:\/\/risembergstudio.com\/wp-content\/uploads\/2025\/12\/fb06d2f7-241b-46a0-9739-93cd7f13a6c1-2-2-Large-600x607.jpeg 600w, https:\/\/risembergstudio.com\/wp-content\/uploads\/2025\/12\/fb06d2f7-241b-46a0-9739-93cd7f13a6c1-2-2-Large-100x100.jpeg 100w\" sizes=\"(max-width: 990px) 100vw, 990px\" \/>\t\t\t\t\t\t\t\t\t\t\t\t\t\t\t<\/div>\n\t\t\t\t<\/div>\n\t\t<div class=\"elementor-element elementor-element-80483fe e-flex e-con-boxed e-con e-parent\" data-id=\"80483fe\" data-element_type=\"container\" data-e-type=\"container\">\n\t\t\t\t\t<div class=\"e-con-inner\">\n\t\t\t\t<div class=\"elementor-element elementor-element-f6a0b53 elementor-widget elementor-widget-spacer\" data-id=\"f6a0b53\" data-element_type=\"widget\" data-e-type=\"widget\" data-widget_type=\"spacer.default\">\n\t\t\t\t\t\t\t<div class=\"elementor-spacer\">\n\t\t\t<div class=\"elementor-spacer-inner\"><\/div>\n\t\t<\/div>\n\t\t\t\t\t\t<\/div>\n\t\t\t\t\t<\/div>\n\t\t\t\t<\/div>\n\t\t\t\t<\/div>","protected":false},"excerpt":{"rendered":"<p>PVD-Coated Hardware Every detail matters. That\u2019s why our bags feature PVD-coated hardware, a high-quality finish widely used in fine jewelry [&hellip;]<\/p>","protected":false},"author":1,"featured_media":0,"parent":0,"menu_order":0,"comment_status":"closed","ping_status":"closed","template":"","meta":{"site-sidebar-layout":"no-sidebar","site-content-layout":"","ast-site-content-layout":"full-width-container","site-content-style":"default","site-sidebar-style":"default","ast-global-header-display":"","ast-banner-title-visibility":"","ast-main-header-display":"","ast-hfb-above-header-display":"","ast-hfb-below-header-display":"","ast-hfb-mobile-header-display":"","site-post-title":"disabled","ast-breadcrumbs-content":"","ast-featured-img":"disabled","footer-sml-layout":"","ast-disable-related-posts":"","theme-transparent-header-meta":"","adv-header-id-meta":"","stick-header-meta":"","header-above-stick-meta":"","header-main-stick-meta":"","header-below-stick-meta":"","astra-migrate-meta-layouts":"default","ast-page-background-enabled":"default","ast-page-background-meta":{"desktop":{"background-color":"var(--ast-global-color-5)","background-image":"","background-repeat":"repeat","background-position":"center center","background-size":"auto","background-attachment":"scroll","background-type":"","background-media":"","overlay-type":"","overlay-color":"","overlay-opacity":"","overlay-gradient":""},"tablet":{"background-color":"","background-image":"","background-repeat":"repeat","background-position":"center center","background-size":"auto","background-attachment":"scroll","background-type":"","background-media":"","overlay-type":"","overlay-color":"","overlay-opacity":"","overlay-gradient":""},"mobile":{"background-color":"","background-image":"","background-repeat":"repeat","background-position":"center center","background-size":"auto","background-attachment":"scroll","background-type":"","background-media":"","overlay-type":"","overlay-color":"","overlay-opacity":"","overlay-gradient":""}},"ast-content-background-meta":{"desktop":{"background-color":"var(--ast-global-color-4)","background-image":"","background-repeat":"repeat","background-position":"center center","background-size":"auto","background-attachment":"scroll","background-type":"","background-media":"","overlay-type":"","overlay-color":"","overlay-opacity":"","overlay-gradient":""},"tablet":{"background-color":"var(--ast-global-color-4)","background-image":"","background-repeat":"repeat","background-position":"center center","background-size":"auto","background-attachment":"scroll","background-type":"","background-media":"","overlay-type":"","overlay-color":"","overlay-opacity":"","overlay-gradient":""},"mobile":{"background-color":"var(--ast-global-color-4)","background-image":"","background-repeat":"repeat","background-position":"center center","background-size":"auto","background-attachment":"scroll","background-type":"","background-media":"","overlay-type":"","overlay-color":"","overlay-opacity":"","overlay-gradient":""}},"footnotes":""},"class_list":["post-6635","page","type-page","status-publish","hentry"],"yoast_head":"<!-- This site is optimized with the Yoast SEO plugin v27.4 - https:\/\/yoast.com\/product\/yoast-seo-wordpress\/ -->\n<title>pvd coating -<\/title>\n<meta name=\"robots\" content=\"index, follow, max-snippet:-1, max-image-preview:large, max-video-preview:-1\" \/>\n<link rel=\"canonical\" href=\"https:\/\/risembergstudio.com\/es\/pvd-coating\/\" \/>\n<meta property=\"og:locale\" content=\"es_ES\" \/>\n<meta property=\"og:type\" content=\"article\" \/>\n<meta property=\"og:title\" content=\"pvd coating -\" \/>\n<meta property=\"og:description\" content=\"PVD-Coated Hardware Every detail matters. That\u2019s why our bags feature PVD-coated hardware, a high-quality finish widely used in fine jewelry [&hellip;]\" \/>\n<meta property=\"og:url\" content=\"https:\/\/risembergstudio.com\/es\/pvd-coating\/\" \/>\n<meta property=\"article:modified_time\" content=\"2025-12-25T19:15:59+00:00\" \/>\n<meta property=\"og:image\" content=\"https:\/\/risembergstudio.com\/wp-content\/uploads\/2025\/12\/391577e6-b638-4668-8942-f534f13abb09-Large.jpeg\" \/>\n\t<meta property=\"og:image:width\" content=\"778\" \/>\n\t<meta property=\"og:image:height\" content=\"985\" \/>\n\t<meta property=\"og:image:type\" content=\"image\/jpeg\" \/>\n<meta name=\"twitter:card\" content=\"summary_large_image\" \/>\n<meta name=\"twitter:label1\" content=\"Tiempo de lectura\" \/>\n\t<meta name=\"twitter:data1\" content=\"1 minuto\" \/>\n<script type=\"application\/ld+json\" class=\"yoast-schema-graph\">{\"@context\":\"https:\\\/\\\/schema.org\",\"@graph\":[{\"@type\":\"WebPage\",\"@id\":\"https:\\\/\\\/risembergstudio.com\\\/pvd-coating\\\/\",\"url\":\"https:\\\/\\\/risembergstudio.com\\\/pvd-coating\\\/\",\"name\":\"pvd coating -\",\"isPartOf\":{\"@id\":\"https:\\\/\\\/risembergstudio.com\\\/#website\"},\"primaryImageOfPage\":{\"@id\":\"https:\\\/\\\/risembergstudio.com\\\/pvd-coating\\\/#primaryimage\"},\"image\":{\"@id\":\"https:\\\/\\\/risembergstudio.com\\\/pvd-coating\\\/#primaryimage\"},\"thumbnailUrl\":\"https:\\\/\\\/risembergstudio.com\\\/wp-content\\\/uploads\\\/2025\\\/12\\\/391577e6-b638-4668-8942-f534f13abb09-Large.jpeg\",\"datePublished\":\"2025-12-25T18:31:42+00:00\",\"dateModified\":\"2025-12-25T19:15:59+00:00\",\"breadcrumb\":{\"@id\":\"https:\\\/\\\/risembergstudio.com\\\/pvd-coating\\\/#breadcrumb\"},\"inLanguage\":\"es\",\"potentialAction\":[{\"@type\":\"ReadAction\",\"target\":[\"https:\\\/\\\/risembergstudio.com\\\/pvd-coating\\\/\"]}]},{\"@type\":\"ImageObject\",\"inLanguage\":\"es\",\"@id\":\"https:\\\/\\\/risembergstudio.com\\\/pvd-coating\\\/#primaryimage\",\"url\":\"https:\\\/\\\/risembergstudio.com\\\/wp-content\\\/uploads\\\/2025\\\/12\\\/391577e6-b638-4668-8942-f534f13abb09-Large.jpeg\",\"contentUrl\":\"https:\\\/\\\/risembergstudio.com\\\/wp-content\\\/uploads\\\/2025\\\/12\\\/391577e6-b638-4668-8942-f534f13abb09-Large.jpeg\"},{\"@type\":\"BreadcrumbList\",\"@id\":\"https:\\\/\\\/risembergstudio.com\\\/pvd-coating\\\/#breadcrumb\",\"itemListElement\":[{\"@type\":\"ListItem\",\"position\":1,\"name\":\"Home\",\"item\":\"https:\\\/\\\/risembergstudio.com\\\/\"},{\"@type\":\"ListItem\",\"position\":2,\"name\":\"pvd coating\"}]},{\"@type\":\"WebSite\",\"@id\":\"https:\\\/\\\/risembergstudio.com\\\/#website\",\"url\":\"https:\\\/\\\/risembergstudio.com\\\/\",\"name\":\"\",\"description\":\"\",\"potentialAction\":[{\"@type\":\"SearchAction\",\"target\":{\"@type\":\"EntryPoint\",\"urlTemplate\":\"https:\\\/\\\/risembergstudio.com\\\/?s={search_term_string}\"},\"query-input\":{\"@type\":\"PropertyValueSpecification\",\"valueRequired\":true,\"valueName\":\"search_term_string\"}}],\"inLanguage\":\"es\"}]}<\/script>\n<!-- \/ Yoast SEO plugin. -->","yoast_head_json":{"title":"pvd coating -","robots":{"index":"index","follow":"follow","max-snippet":"max-snippet:-1","max-image-preview":"max-image-preview:large","max-video-preview":"max-video-preview:-1"},"canonical":"https:\/\/risembergstudio.com\/es\/pvd-coating\/","og_locale":"es_ES","og_type":"article","og_title":"pvd coating -","og_description":"PVD-Coated Hardware Every detail matters. That\u2019s why our bags feature PVD-coated hardware, a high-quality finish widely used in fine jewelry [&hellip;]","og_url":"https:\/\/risembergstudio.com\/es\/pvd-coating\/","article_modified_time":"2025-12-25T19:15:59+00:00","og_image":[{"width":778,"height":985,"url":"https:\/\/risembergstudio.com\/wp-content\/uploads\/2025\/12\/391577e6-b638-4668-8942-f534f13abb09-Large.jpeg","type":"image\/jpeg"}],"twitter_card":"summary_large_image","twitter_misc":{"Tiempo de lectura":"1 minuto"},"schema":{"@context":"https:\/\/schema.org","@graph":[{"@type":"WebPage","@id":"https:\/\/risembergstudio.com\/pvd-coating\/","url":"https:\/\/risembergstudio.com\/pvd-coating\/","name":"pvd coating -","isPartOf":{"@id":"https:\/\/risembergstudio.com\/#website"},"primaryImageOfPage":{"@id":"https:\/\/risembergstudio.com\/pvd-coating\/#primaryimage"},"image":{"@id":"https:\/\/risembergstudio.com\/pvd-coating\/#primaryimage"},"thumbnailUrl":"https:\/\/risembergstudio.com\/wp-content\/uploads\/2025\/12\/391577e6-b638-4668-8942-f534f13abb09-Large.jpeg","datePublished":"2025-12-25T18:31:42+00:00","dateModified":"2025-12-25T19:15:59+00:00","breadcrumb":{"@id":"https:\/\/risembergstudio.com\/pvd-coating\/#breadcrumb"},"inLanguage":"es","potentialAction":[{"@type":"ReadAction","target":["https:\/\/risembergstudio.com\/pvd-coating\/"]}]},{"@type":"ImageObject","inLanguage":"es","@id":"https:\/\/risembergstudio.com\/pvd-coating\/#primaryimage","url":"https:\/\/risembergstudio.com\/wp-content\/uploads\/2025\/12\/391577e6-b638-4668-8942-f534f13abb09-Large.jpeg","contentUrl":"https:\/\/risembergstudio.com\/wp-content\/uploads\/2025\/12\/391577e6-b638-4668-8942-f534f13abb09-Large.jpeg"},{"@type":"BreadcrumbList","@id":"https:\/\/risembergstudio.com\/pvd-coating\/#breadcrumb","itemListElement":[{"@type":"ListItem","position":1,"name":"Home","item":"https:\/\/risembergstudio.com\/"},{"@type":"ListItem","position":2,"name":"pvd coating"}]},{"@type":"WebSite","@id":"https:\/\/risembergstudio.com\/#website","url":"https:\/\/risembergstudio.com\/","name":"","description":"","potentialAction":[{"@type":"SearchAction","target":{"@type":"EntryPoint","urlTemplate":"https:\/\/risembergstudio.com\/?s={search_term_string}"},"query-input":{"@type":"PropertyValueSpecification","valueRequired":true,"valueName":"search_term_string"}}],"inLanguage":"es"}]}},"_links":{"self":[{"href":"https:\/\/risembergstudio.com\/es\/wp-json\/wp\/v2\/pages\/6635","targetHints":{"allow":["GET"]}}],"collection":[{"href":"https:\/\/risembergstudio.com\/es\/wp-json\/wp\/v2\/pages"}],"about":[{"href":"https:\/\/risembergstudio.com\/es\/wp-json\/wp\/v2\/types\/page"}],"author":[{"embeddable":true,"href":"https:\/\/risembergstudio.com\/es\/wp-json\/wp\/v2\/users\/1"}],"replies":[{"embeddable":true,"href":"https:\/\/risembergstudio.com\/es\/wp-json\/wp\/v2\/comments?post=6635"}],"version-history":[{"count":0,"href":"https:\/\/risembergstudio.com\/es\/wp-json\/wp\/v2\/pages\/6635\/revisions"}],"wp:attachment":[{"href":"https:\/\/risembergstudio.com\/es\/wp-json\/wp\/v2\/media?parent=6635"}],"curies":[{"name":"wp","href":"https:\/\/api.w.org\/{rel}","templated":true}]}}