{"id":851,"date":"2025-07-12T13:21:38","date_gmt":"2025-07-12T13:21:38","guid":{"rendered":"https:\/\/risembergstudio.com\/?page_id=851"},"modified":"2025-12-16T21:21:55","modified_gmt":"2025-12-16T21:21:55","slug":"about-us","status":"publish","type":"page","link":"https:\/\/risembergstudio.com\/es\/about-us\/","title":{"rendered":"Sobre Risemberg"},"content":{"rendered":"<div data-elementor-type=\"wp-page\" data-elementor-id=\"851\" class=\"elementor elementor-851\">\n\t\t\t\t<div class=\"elementor-element elementor-element-51659d9 e-grid e-con-full e-con e-parent\" data-id=\"51659d9\" data-element_type=\"container\" data-e-type=\"container\">\n\t\t\t\t<div class=\"elementor-element elementor-element-0fcdabf elementor-widget__width-inherit elementor-widget elementor-widget-image\" data-id=\"0fcdabf\" data-element_type=\"widget\" data-e-type=\"widget\" data-widget_type=\"image.default\">\n\t\t\t\t\t\t\t\t\t\t\t\t\t\t\t<img fetchpriority=\"high\" decoding=\"async\" width=\"800\" height=\"1024\" src=\"https:\/\/risembergstudio.com\/wp-content\/uploads\/2025\/11\/raincoat-copy-800x1024.png\" class=\"attachment-large size-large wp-image-6086\" alt=\"\" srcset=\"https:\/\/risembergstudio.com\/wp-content\/uploads\/2025\/11\/raincoat-copy-800x1024.png 800w, https:\/\/risembergstudio.com\/wp-content\/uploads\/2025\/11\/raincoat-copy-scaled-600x768.png 600w, https:\/\/risembergstudio.com\/wp-content\/uploads\/2025\/11\/raincoat-copy-234x300.png 234w, https:\/\/risembergstudio.com\/wp-content\/uploads\/2025\/11\/raincoat-copy-768x983.png 768w, https:\/\/risembergstudio.com\/wp-content\/uploads\/2025\/11\/raincoat-copy-1200x1536.png 1200w, https:\/\/risembergstudio.com\/wp-content\/uploads\/2025\/11\/raincoat-copy-1600x2048.png 1600w, https:\/\/risembergstudio.com\/wp-content\/uploads\/2025\/11\/raincoat-copy-9x12.png 9w, https:\/\/risembergstudio.com\/wp-content\/uploads\/2025\/11\/raincoat-copy-scaled.png 1999w\" sizes=\"(max-width: 800px) 100vw, 800px\" \/>\t\t\t\t\t\t\t\t\t\t\t\t\t\t\t<\/div>\n\t\t\t\t<div class=\"elementor-element elementor-element-380f56d e-transform elementor-widget elementor-widget-text-editor\" data-id=\"380f56d\" data-element_type=\"widget\" data-e-type=\"widget\" data-settings=\"{&quot;_transform_scale_effect_tablet&quot;:{&quot;unit&quot;:&quot;px&quot;,&quot;size&quot;:0.8,&quot;sizes&quot;:[]},&quot;_transform_scale_effect_mobile&quot;:{&quot;unit&quot;:&quot;px&quot;,&quot;size&quot;:0.8,&quot;sizes&quot;:[]},&quot;_transform_scale_effect&quot;:{&quot;unit&quot;:&quot;px&quot;,&quot;size&quot;:&quot;&quot;,&quot;sizes&quot;:[]}}\" data-widget_type=\"text-editor.default\">\n\t\t\t\t\t\t\t\t\t<p style=\"text-align: center;\"><span style=\"font-size: 12pt;\">Creado para cambiar, pensado para durar<\/span><\/p><p><span style=\"font-size: 10pt;\">RISEMBERG naci\u00f3 de una visi\u00f3n: redefinir lo que puede ser un bolso. Creada con el deseo de desafiar las convenciones de la moda, la marca surge como respuesta a una industria lista para el cambio. En su esencia reside la ambici\u00f3n de trascender los l\u00edmites del dise\u00f1o tradicional, transformando los bolsos en piezas vers\u00e1tiles y duraderas que se adaptan a nuestro estilo de vida.<\/span><\/p>\t\t\t\t\t\t\t\t<\/div>\n\t\t\t\t<\/div>\n\t\t<div class=\"elementor-element elementor-element-cadc38a elementor-hidden-mobile e-flex e-con-boxed e-con e-parent\" data-id=\"cadc38a\" data-element_type=\"container\" data-e-type=\"container\">\n\t\t\t\t\t<div class=\"e-con-inner\">\n\t\t\t\t<div class=\"elementor-element elementor-element-ae9db26 elementor-widget elementor-widget-spacer\" data-id=\"ae9db26\" data-element_type=\"widget\" data-e-type=\"widget\" data-widget_type=\"spacer.default\">\n\t\t\t\t\t\t\t<div class=\"elementor-spacer\">\n\t\t\t<div class=\"elementor-spacer-inner\"><\/div>\n\t\t<\/div>\n\t\t\t\t\t\t<\/div>\n\t\t\t\t\t<\/div>\n\t\t\t\t<\/div>\n\t\t<div class=\"elementor-element elementor-element-c33eec1 e-grid e-con-full e-con e-parent\" data-id=\"c33eec1\" data-element_type=\"container\" data-e-type=\"container\">\n\t\t\t\t<div class=\"elementor-element elementor-element-eaca1ac e-transform e-transform elementor-widget-tablet__width-inherit elementor-widget elementor-widget-text-editor\" data-id=\"eaca1ac\" data-element_type=\"widget\" data-e-type=\"widget\" data-settings=\"{&quot;_transform_translateX_effect_tablet&quot;:{&quot;unit&quot;:&quot;px&quot;,&quot;size&quot;:64,&quot;sizes&quot;:[]},&quot;_transform_translateX_effect_mobile&quot;:{&quot;unit&quot;:&quot;px&quot;,&quot;size&quot;:0,&quot;sizes&quot;:[]},&quot;_transform_scale_effect_tablet&quot;:{&quot;unit&quot;:&quot;px&quot;,&quot;size&quot;:0.8,&quot;sizes&quot;:[]},&quot;_transform_translateX_effect&quot;:{&quot;unit&quot;:&quot;px&quot;,&quot;size&quot;:&quot;&quot;,&quot;sizes&quot;:[]},&quot;_transform_translateY_effect&quot;:{&quot;unit&quot;:&quot;px&quot;,&quot;size&quot;:&quot;&quot;,&quot;sizes&quot;:[]},&quot;_transform_translateY_effect_tablet&quot;:{&quot;unit&quot;:&quot;px&quot;,&quot;size&quot;:&quot;&quot;,&quot;sizes&quot;:[]},&quot;_transform_translateY_effect_mobile&quot;:{&quot;unit&quot;:&quot;px&quot;,&quot;size&quot;:&quot;&quot;,&quot;sizes&quot;:[]},&quot;_transform_scale_effect&quot;:{&quot;unit&quot;:&quot;px&quot;,&quot;size&quot;:&quot;&quot;,&quot;sizes&quot;:[]},&quot;_transform_scale_effect_mobile&quot;:{&quot;unit&quot;:&quot;px&quot;,&quot;size&quot;:&quot;&quot;,&quot;sizes&quot;:[]}}\" data-widget_type=\"text-editor.default\">\n\t\t\t\t\t\t\t\t\t<p style=\"text-align: center;\"><span style=\"font-size: 12pt;\">Arraigado en la herencia espa\u00f1ola<\/span><\/p><p style=\"text-align: justify;\"><span style=\"font-size: 10pt;\">Nuestros bolsos se dise\u00f1an en Barcelona, \u200b\u200bdonde el dise\u00f1o no se limita a la est\u00e9tica, sino a la funci\u00f3n. Basados \u200b\u200ben un concepto modular, cada pieza se adapta a tu vida y evoluciona contigo. De estilo atemporal e infinitamente vers\u00e1tiles, est\u00e1n dise\u00f1ados para no pasar de moda, demostrando que el verdadero dise\u00f1o empieza por la funcionalidad.<\/span><\/p>\t\t\t\t\t\t\t\t<\/div>\n\t\t\t\t<div class=\"elementor-element elementor-element-6fe514f elementor-widget elementor-widget-image\" data-id=\"6fe514f\" data-element_type=\"widget\" data-e-type=\"widget\" data-widget_type=\"image.default\">\n\t\t\t\t\t\t\t\t\t\t\t\t\t\t\t<img decoding=\"async\" width=\"640\" height=\"700\" src=\"https:\/\/risembergstudio.com\/wp-content\/uploads\/2025\/11\/1-2.png\" class=\"attachment-large size-large wp-image-5356\" alt=\"\" srcset=\"https:\/\/risembergstudio.com\/wp-content\/uploads\/2025\/11\/1-2.png 640w, https:\/\/risembergstudio.com\/wp-content\/uploads\/2025\/11\/1-2-274x300.png 274w, https:\/\/risembergstudio.com\/wp-content\/uploads\/2025\/11\/1-2-11x12.png 11w, https:\/\/risembergstudio.com\/wp-content\/uploads\/2025\/11\/1-2-600x656.png 600w\" sizes=\"(max-width: 640px) 100vw, 640px\" \/>\t\t\t\t\t\t\t\t\t\t\t\t\t\t\t<\/div>\n\t\t\t\t<\/div>\n\t\t<div class=\"elementor-element elementor-element-cdf7f43 elementor-hidden-mobile e-flex e-con-boxed e-con e-parent\" data-id=\"cdf7f43\" data-element_type=\"container\" data-e-type=\"container\">\n\t\t\t\t\t<div class=\"e-con-inner\">\n\t\t\t\t<div class=\"elementor-element elementor-element-bc7065c elementor-widget elementor-widget-spacer\" data-id=\"bc7065c\" data-element_type=\"widget\" data-e-type=\"widget\" data-widget_type=\"spacer.default\">\n\t\t\t\t\t\t\t<div class=\"elementor-spacer\">\n\t\t\t<div class=\"elementor-spacer-inner\"><\/div>\n\t\t<\/div>\n\t\t\t\t\t\t<\/div>\n\t\t\t\t\t<\/div>\n\t\t\t\t<\/div>\n\t\t<div class=\"elementor-element elementor-element-7ab59cd e-grid e-con-full e-con e-parent\" data-id=\"7ab59cd\" data-element_type=\"container\" data-e-type=\"container\">\n\t\t\t\t<div class=\"elementor-element elementor-element-1e241ed elementor-widget__width-inherit elementor-widget elementor-widget-image\" data-id=\"1e241ed\" data-element_type=\"widget\" data-e-type=\"widget\" data-widget_type=\"image.default\">\n\t\t\t\t\t\t\t\t\t\t\t\t\t\t\t<img decoding=\"async\" width=\"640\" height=\"700\" src=\"https:\/\/risembergstudio.com\/wp-content\/uploads\/2025\/11\/2-1.png\" class=\"attachment-large size-large wp-image-5357\" alt=\"\" srcset=\"https:\/\/risembergstudio.com\/wp-content\/uploads\/2025\/11\/2-1.png 640w, https:\/\/risembergstudio.com\/wp-content\/uploads\/2025\/11\/2-1-274x300.png 274w, https:\/\/risembergstudio.com\/wp-content\/uploads\/2025\/11\/2-1-11x12.png 11w, https:\/\/risembergstudio.com\/wp-content\/uploads\/2025\/11\/2-1-600x656.png 600w\" sizes=\"(max-width: 640px) 100vw, 640px\" \/>\t\t\t\t\t\t\t\t\t\t\t\t\t\t\t<\/div>\n\t\t\t\t<div class=\"elementor-element elementor-element-3792c9a e-transform e-transform elementor-widget elementor-widget-text-editor\" data-id=\"3792c9a\" data-element_type=\"widget\" data-e-type=\"widget\" data-settings=\"{&quot;_transform_translateX_effect_tablet&quot;:{&quot;unit&quot;:&quot;px&quot;,&quot;size&quot;:-29,&quot;sizes&quot;:[]},&quot;_transform_scale_effect_tablet&quot;:{&quot;unit&quot;:&quot;px&quot;,&quot;size&quot;:0.8,&quot;sizes&quot;:[]},&quot;_transform_translateX_effect&quot;:{&quot;unit&quot;:&quot;px&quot;,&quot;size&quot;:&quot;&quot;,&quot;sizes&quot;:[]},&quot;_transform_translateX_effect_mobile&quot;:{&quot;unit&quot;:&quot;px&quot;,&quot;size&quot;:&quot;&quot;,&quot;sizes&quot;:[]},&quot;_transform_translateY_effect&quot;:{&quot;unit&quot;:&quot;px&quot;,&quot;size&quot;:&quot;&quot;,&quot;sizes&quot;:[]},&quot;_transform_translateY_effect_tablet&quot;:{&quot;unit&quot;:&quot;px&quot;,&quot;size&quot;:&quot;&quot;,&quot;sizes&quot;:[]},&quot;_transform_translateY_effect_mobile&quot;:{&quot;unit&quot;:&quot;px&quot;,&quot;size&quot;:&quot;&quot;,&quot;sizes&quot;:[]},&quot;_transform_scale_effect&quot;:{&quot;unit&quot;:&quot;px&quot;,&quot;size&quot;:&quot;&quot;,&quot;sizes&quot;:[]},&quot;_transform_scale_effect_mobile&quot;:{&quot;unit&quot;:&quot;px&quot;,&quot;size&quot;:&quot;&quot;,&quot;sizes&quot;:[]}}\" data-widget_type=\"text-editor.default\">\n\t\t\t\t\t\t\t\t\t<p style=\"text-align: center;\"><span style=\"font-size: 12pt;\">El arte de la artesan\u00eda<\/span><\/p><p style=\"text-align: justify;\"><span style=\"font-size: 10pt;\">Nuestros bolsos nacen en Ubrique, Espa\u00f1a, una ciudad c\u00e9lebre por su tradici\u00f3n marroquinera. Durante generaciones, los artesanos locales han perfeccionado su oficio, transmitiendo t\u00e9cnicas que dan alma a cada pieza. Al trabajar directamente con estos artistas, fusionamos la tradici\u00f3n atemporal con el dise\u00f1o moderno, garantizando que cada bolso no solo est\u00e9 bellamente elaborado, sino que tambi\u00e9n se cree con integridad y respeto por la artesan\u00eda.<\/span><\/p>\t\t\t\t\t\t\t\t<\/div>\n\t\t\t\t<\/div>\n\t\t<div class=\"elementor-element elementor-element-b5ec0b8 elementor-hidden-mobile e-flex e-con-boxed e-con e-parent\" data-id=\"b5ec0b8\" data-element_type=\"container\" data-e-type=\"container\">\n\t\t\t\t\t<div class=\"e-con-inner\">\n\t\t\t\t<div class=\"elementor-element elementor-element-694a4ea elementor-widget elementor-widget-spacer\" data-id=\"694a4ea\" data-element_type=\"widget\" data-e-type=\"widget\" data-widget_type=\"spacer.default\">\n\t\t\t\t\t\t\t<div class=\"elementor-spacer\">\n\t\t\t<div class=\"elementor-spacer-inner\"><\/div>\n\t\t<\/div>\n\t\t\t\t\t\t<\/div>\n\t\t\t\t\t<\/div>\n\t\t\t\t<\/div>\n\t\t\t\t<\/div>","protected":false},"excerpt":{"rendered":"<p>&#8220;Made to change, meant to last&#8221; RISEMBERG was born from a vision: to redefine what a handbag can be. Created [&hellip;]<\/p>","protected":false},"author":1,"featured_media":0,"parent":0,"menu_order":0,"comment_status":"closed","ping_status":"closed","template":"elementor_header_footer","meta":{"site-sidebar-layout":"no-sidebar","site-content-layout":"","ast-site-content-layout":"full-width-container","site-content-style":"default","site-sidebar-style":"default","ast-global-header-display":"","ast-banner-title-visibility":"","ast-main-header-display":"","ast-hfb-above-header-display":"","ast-hfb-below-header-display":"","ast-hfb-mobile-header-display":"","site-post-title":"disabled","ast-breadcrumbs-content":"","ast-featured-img":"disabled","footer-sml-layout":"","ast-disable-related-posts":"","theme-transparent-header-meta":"","adv-header-id-meta":"","stick-header-meta":"","header-above-stick-meta":"","header-main-stick-meta":"","header-below-stick-meta":"","astra-migrate-meta-layouts":"default","ast-page-background-enabled":"default","ast-page-background-meta":{"desktop":{"background-color":"var(--ast-global-color-5)","background-image":"","background-repeat":"repeat","background-position":"center center","background-size":"auto","background-attachment":"scroll","background-type":"","background-media":"","overlay-type":"","overlay-color":"","overlay-opacity":"","overlay-gradient":""},"tablet":{"background-color":"","background-image":"","background-repeat":"repeat","background-position":"center center","background-size":"auto","background-attachment":"scroll","background-type":"","background-media":"","overlay-type":"","overlay-color":"","overlay-opacity":"","overlay-gradient":""},"mobile":{"background-color":"","background-image":"","background-repeat":"repeat","background-position":"center center","background-size":"auto","background-attachment":"scroll","background-type":"","background-media":"","overlay-type":"","overlay-color":"","overlay-opacity":"","overlay-gradient":""}},"ast-content-background-meta":{"desktop":{"background-color":"var(--ast-global-color-4)","background-image":"","background-repeat":"repeat","background-position":"center center","background-size":"auto","background-attachment":"scroll","background-type":"","background-media":"","overlay-type":"","overlay-color":"","overlay-opacity":"","overlay-gradient":""},"tablet":{"background-color":"var(--ast-global-color-4)","background-image":"","background-repeat":"repeat","background-position":"center center","background-size":"auto","background-attachment":"scroll","background-type":"","background-media":"","overlay-type":"","overlay-color":"","overlay-opacity":"","overlay-gradient":""},"mobile":{"background-color":"var(--ast-global-color-4)","background-image":"","background-repeat":"repeat","background-position":"center center","background-size":"auto","background-attachment":"scroll","background-type":"","background-media":"","overlay-type":"","overlay-color":"","overlay-opacity":"","overlay-gradient":""}},"footnotes":""},"class_list":["post-851","page","type-page","status-publish","hentry"],"yoast_head":"<!-- This site is optimized with the Yoast SEO plugin v27.4 - https:\/\/yoast.com\/product\/yoast-seo-wordpress\/ -->\n<title>About us -<\/title>\n<meta name=\"robots\" content=\"index, follow, max-snippet:-1, max-image-preview:large, max-video-preview:-1\" \/>\n<link rel=\"canonical\" href=\"https:\/\/risembergstudio.com\/es\/about-us\/\" \/>\n<meta property=\"og:locale\" content=\"es_ES\" \/>\n<meta property=\"og:type\" content=\"article\" \/>\n<meta property=\"og:title\" content=\"About us -\" \/>\n<meta property=\"og:description\" content=\"&#8220;Made to change, meant to last&#8221; RISEMBERG was born from a vision: to redefine what a handbag can be. Created [&hellip;]\" \/>\n<meta property=\"og:url\" content=\"https:\/\/risembergstudio.com\/es\/about-us\/\" \/>\n<meta property=\"article:modified_time\" content=\"2025-12-16T21:21:55+00:00\" \/>\n<meta property=\"og:image\" content=\"https:\/\/risembergstudio.com\/wp-content\/uploads\/2025\/11\/raincoat-copy-800x1024.png\" \/>\n<meta name=\"twitter:card\" content=\"summary_large_image\" \/>\n<meta name=\"twitter:label1\" content=\"Tiempo de lectura\" \/>\n\t<meta name=\"twitter:data1\" content=\"1 minuto\" \/>\n<script type=\"application\/ld+json\" class=\"yoast-schema-graph\">{\"@context\":\"https:\\\/\\\/schema.org\",\"@graph\":[{\"@type\":\"WebPage\",\"@id\":\"https:\\\/\\\/risembergstudio.com\\\/about-us\\\/\",\"url\":\"https:\\\/\\\/risembergstudio.com\\\/about-us\\\/\",\"name\":\"About us -\",\"isPartOf\":{\"@id\":\"https:\\\/\\\/risembergstudio.com\\\/#website\"},\"primaryImageOfPage\":{\"@id\":\"https:\\\/\\\/risembergstudio.com\\\/about-us\\\/#primaryimage\"},\"image\":{\"@id\":\"https:\\\/\\\/risembergstudio.com\\\/about-us\\\/#primaryimage\"},\"thumbnailUrl\":\"https:\\\/\\\/risembergstudio.com\\\/wp-content\\\/uploads\\\/2025\\\/11\\\/raincoat-copy-800x1024.png\",\"datePublished\":\"2025-07-12T13:21:38+00:00\",\"dateModified\":\"2025-12-16T21:21:55+00:00\",\"breadcrumb\":{\"@id\":\"https:\\\/\\\/risembergstudio.com\\\/about-us\\\/#breadcrumb\"},\"inLanguage\":\"es\",\"potentialAction\":[{\"@type\":\"ReadAction\",\"target\":[\"https:\\\/\\\/risembergstudio.com\\\/about-us\\\/\"]}]},{\"@type\":\"ImageObject\",\"inLanguage\":\"es\",\"@id\":\"https:\\\/\\\/risembergstudio.com\\\/about-us\\\/#primaryimage\",\"url\":\"https:\\\/\\\/risembergstudio.com\\\/wp-content\\\/uploads\\\/2025\\\/11\\\/raincoat-copy-800x1024.png\",\"contentUrl\":\"https:\\\/\\\/risembergstudio.com\\\/wp-content\\\/uploads\\\/2025\\\/11\\\/raincoat-copy-800x1024.png\"},{\"@type\":\"BreadcrumbList\",\"@id\":\"https:\\\/\\\/risembergstudio.com\\\/about-us\\\/#breadcrumb\",\"itemListElement\":[{\"@type\":\"ListItem\",\"position\":1,\"name\":\"Home\",\"item\":\"https:\\\/\\\/risembergstudio.com\\\/\"},{\"@type\":\"ListItem\",\"position\":2,\"name\":\"About us\"}]},{\"@type\":\"WebSite\",\"@id\":\"https:\\\/\\\/risembergstudio.com\\\/#website\",\"url\":\"https:\\\/\\\/risembergstudio.com\\\/\",\"name\":\"\",\"description\":\"\",\"potentialAction\":[{\"@type\":\"SearchAction\",\"target\":{\"@type\":\"EntryPoint\",\"urlTemplate\":\"https:\\\/\\\/risembergstudio.com\\\/?s={search_term_string}\"},\"query-input\":{\"@type\":\"PropertyValueSpecification\",\"valueRequired\":true,\"valueName\":\"search_term_string\"}}],\"inLanguage\":\"es\"}]}<\/script>\n<!-- \/ Yoast SEO plugin. -->","yoast_head_json":{"title":"About us -","robots":{"index":"index","follow":"follow","max-snippet":"max-snippet:-1","max-image-preview":"max-image-preview:large","max-video-preview":"max-video-preview:-1"},"canonical":"https:\/\/risembergstudio.com\/es\/about-us\/","og_locale":"es_ES","og_type":"article","og_title":"About us -","og_description":"&#8220;Made to change, meant to last&#8221; RISEMBERG was born from a vision: to redefine what a handbag can be. Created [&hellip;]","og_url":"https:\/\/risembergstudio.com\/es\/about-us\/","article_modified_time":"2025-12-16T21:21:55+00:00","og_image":[{"url":"https:\/\/risembergstudio.com\/wp-content\/uploads\/2025\/11\/raincoat-copy-800x1024.png","type":"","width":"","height":""}],"twitter_card":"summary_large_image","twitter_misc":{"Tiempo de lectura":"1 minuto"},"schema":{"@context":"https:\/\/schema.org","@graph":[{"@type":"WebPage","@id":"https:\/\/risembergstudio.com\/about-us\/","url":"https:\/\/risembergstudio.com\/about-us\/","name":"About us -","isPartOf":{"@id":"https:\/\/risembergstudio.com\/#website"},"primaryImageOfPage":{"@id":"https:\/\/risembergstudio.com\/about-us\/#primaryimage"},"image":{"@id":"https:\/\/risembergstudio.com\/about-us\/#primaryimage"},"thumbnailUrl":"https:\/\/risembergstudio.com\/wp-content\/uploads\/2025\/11\/raincoat-copy-800x1024.png","datePublished":"2025-07-12T13:21:38+00:00","dateModified":"2025-12-16T21:21:55+00:00","breadcrumb":{"@id":"https:\/\/risembergstudio.com\/about-us\/#breadcrumb"},"inLanguage":"es","potentialAction":[{"@type":"ReadAction","target":["https:\/\/risembergstudio.com\/about-us\/"]}]},{"@type":"ImageObject","inLanguage":"es","@id":"https:\/\/risembergstudio.com\/about-us\/#primaryimage","url":"https:\/\/risembergstudio.com\/wp-content\/uploads\/2025\/11\/raincoat-copy-800x1024.png","contentUrl":"https:\/\/risembergstudio.com\/wp-content\/uploads\/2025\/11\/raincoat-copy-800x1024.png"},{"@type":"BreadcrumbList","@id":"https:\/\/risembergstudio.com\/about-us\/#breadcrumb","itemListElement":[{"@type":"ListItem","position":1,"name":"Home","item":"https:\/\/risembergstudio.com\/"},{"@type":"ListItem","position":2,"name":"About us"}]},{"@type":"WebSite","@id":"https:\/\/risembergstudio.com\/#website","url":"https:\/\/risembergstudio.com\/","name":"","description":"","potentialAction":[{"@type":"SearchAction","target":{"@type":"EntryPoint","urlTemplate":"https:\/\/risembergstudio.com\/?s={search_term_string}"},"query-input":{"@type":"PropertyValueSpecification","valueRequired":true,"valueName":"search_term_string"}}],"inLanguage":"es"}]}},"_links":{"self":[{"href":"https:\/\/risembergstudio.com\/es\/wp-json\/wp\/v2\/pages\/851","targetHints":{"allow":["GET"]}}],"collection":[{"href":"https:\/\/risembergstudio.com\/es\/wp-json\/wp\/v2\/pages"}],"about":[{"href":"https:\/\/risembergstudio.com\/es\/wp-json\/wp\/v2\/types\/page"}],"author":[{"embeddable":true,"href":"https:\/\/risembergstudio.com\/es\/wp-json\/wp\/v2\/users\/1"}],"replies":[{"embeddable":true,"href":"https:\/\/risembergstudio.com\/es\/wp-json\/wp\/v2\/comments?post=851"}],"version-history":[{"count":0,"href":"https:\/\/risembergstudio.com\/es\/wp-json\/wp\/v2\/pages\/851\/revisions"}],"wp:attachment":[{"href":"https:\/\/risembergstudio.com\/es\/wp-json\/wp\/v2\/media?parent=851"}],"curies":[{"name":"wp","href":"https:\/\/api.w.org\/{rel}","templated":true}]}}